{"id":1107,"date":"2020-07-14T17:42:10","date_gmt":"2020-07-14T15:42:10","guid":{"rendered":"http:\/\/fv08-neuenhain.de\/?page_id=1107"},"modified":"2026-01-11T20:58:43","modified_gmt":"2026-01-11T18:58:43","slug":"jugendabteilung","status":"publish","type":"page","link":"https:\/\/fv08-neuenhain.de\/?page_id=1107","title":{"rendered":"Jugendabteilung"},"content":{"rendered":"\t\t<div data-elementor-type=\"wp-page\" data-elementor-id=\"1107\" class=\"elementor elementor-1107\">\n\t\t\t\t\t\t<section class=\"elementor-section elementor-top-section elementor-element elementor-element-ba9f912 elementor-section-boxed elementor-section-height-default elementor-section-height-default\" data-id=\"ba9f912\" data-element_type=\"section\">\n\t\t\t\t\t\t<div class=\"elementor-container elementor-column-gap-default\">\n\t\t\t\t\t<div class=\"elementor-column elementor-col-33 elementor-top-column elementor-element elementor-element-c6a328a\" data-id=\"c6a328a\" data-element_type=\"column\">\n\t\t\t<div class=\"elementor-widget-wrap elementor-element-populated\">\n\t\t\t\t\t\t<div class=\"elementor-element elementor-element-fc63b4a elementor-widget elementor-widget-heading\" data-id=\"fc63b4a\" data-element_type=\"widget\" data-widget_type=\"heading.default\">\n\t\t\t\t<div class=\"elementor-widget-container\">\n\t\t\t\t\t<h2 class=\"elementor-heading-title elementor-size-default\">Unsere Philosophie f\u00fcr die Jugend<\/h2>\t\t\t\t<\/div>\n\t\t\t\t<\/div>\n\t\t\t\t\t<\/div>\n\t\t<\/div>\n\t\t\t\t<div class=\"elementor-column elementor-col-66 elementor-top-column elementor-element elementor-element-6f48a42\" data-id=\"6f48a42\" data-element_type=\"column\">\n\t\t\t<div class=\"elementor-widget-wrap elementor-element-populated\">\n\t\t\t\t\t\t<div class=\"elementor-element elementor-element-00cba92 elementor-widget elementor-widget-text-editor\" data-id=\"00cba92\" data-element_type=\"widget\" data-widget_type=\"text-editor.default\">\n\t\t\t\t<div class=\"elementor-widget-container\">\n\t\t\t\t\t\t\t\t\t<p><strong>Beim FV08 Neuenhain werden Kinder und Jugendliche an den Fu\u00dfballsport herangef\u00fchrt und bestm\u00f6glich ausgebildet.<br \/><\/strong><strong>Unsere Rahmenbedingungen mit einer hervorragenden Sportanlage, einem Kunstrasenplatz sowie einem Rasenplatz sind daf\u00fcr ideal. Im Winter stehen uns Hallenkapazit\u00e4ten zur Verf\u00fcgung.<br \/><\/strong><\/p><p><strong>Wir bieten einen regelm\u00e4\u00dfigen Trainingsbetrieb mit engagierten Trainern und Betreuern und ein spezielles Torwarttraining sowie ein F\u00f6rdertraining f\u00fcr alle Kinder.\u00a0<\/strong><\/p><p>Wir\u00a0bieten in allen Altersklassen mindestens eine Mannschaft.<\/p><p>Dar\u00fcber hinaus werden durch die Teilnahme an Turnieren und die Organisation von Freundschaftsspielen zahlreiche weitere Einsatzm\u00f6glichkeiten f\u00fcr alle Spieler geschaffen.\u00a0<\/p><p>Unser eigenes Jugendturnier im Sommer und die Organisation von Feriencamps runden unser Angebot ab.<\/p><p>Wir unterst\u00fctzen den Breitensport und behalten auch den sportlichen Erfolg im Auge.\u00a0<\/p><p>Gleichzeitig ist die Jugendarbeit des FV08 Neuenhain so viel mehr als nur die sportliche Ausbildung der Jugendspieler. Wir m\u00f6chten die Kinder und Jugendlichen, die zu uns kommen, auch menschlich schulen und Werte wie Teamgeist, Verantwortungsbewusstsein und Hilfsbereitschaft vermitteln. Bei uns steht die langfristige positive Entwicklung aller Spieler im Vordergrund. Wir f\u00f6rdern die Identifikation mit unserem Verein und w\u00fcnschen uns, dass die Kinder und Jugendlichen \u2013 zusammen mit ihren Eltern \u2013 sich als Teil unserer Gemeinschaft verstehen.\u00a0<\/p><p>Wir lieben und leben Fu\u00dfball.<\/p>\t\t\t\t\t\t\t\t<\/div>\n\t\t\t\t<\/div>\n\t\t\t\t\t<\/div>\n\t\t<\/div>\n\t\t\t\t\t<\/div>\n\t\t<\/section>\n\t\t\t\t<section class=\"elementor-section elementor-top-section elementor-element elementor-element-dcb78f4 elementor-section-boxed elementor-section-height-default elementor-section-height-default\" data-id=\"dcb78f4\" data-element_type=\"section\">\n\t\t\t\t\t\t<div class=\"elementor-container elementor-column-gap-default\">\n\t\t\t\t\t<div class=\"elementor-column elementor-col-100 elementor-top-column elementor-element elementor-element-27a46a9\" data-id=\"27a46a9\" data-element_type=\"column\">\n\t\t\t<div class=\"elementor-widget-wrap elementor-element-populated\">\n\t\t\t\t\t\t<div class=\"elementor-element elementor-element-4752237 elementor-widget elementor-widget-text-editor\" data-id=\"4752237\" data-element_type=\"widget\" data-widget_type=\"text-editor.default\">\n\t\t\t\t<div class=\"elementor-widget-container\">\n\t\t\t\t\t\t\t\t\t<p>Kontakt:<\/p><p><span style=\"color: #3366ff;\"><a style=\"color: #3366ff;\" href=\"mailto:08erjugendleitung@fv08-neuenhain.de\">08erjugendleitung@fv08-neuenhain.de<\/a><\/span><\/p>\t\t\t\t\t\t\t\t<\/div>\n\t\t\t\t<\/div>\n\t\t\t\t\t<\/div>\n\t\t<\/div>\n\t\t\t\t\t<\/div>\n\t\t<\/section>\n\t\t\t\t<\/div>\n\t\t","protected":false},"excerpt":{"rendered":"<p>Unsere Philosophie f\u00fcr die Jugend Beim FV08 Neuenhain werden Kinder und Jugendliche an den Fu\u00dfballsport herangef\u00fchrt und bestm\u00f6glich ausgebildet.Unsere Rahmenbedingungen mit einer hervorragenden Sportanlage, einem Kunstrasenplatz sowie einem Rasenplatz sind daf\u00fcr ideal. Im Winter stehen uns Hallenkapazit\u00e4ten zur Verf\u00fcgung. Wir bieten einen regelm\u00e4\u00dfigen Trainingsbetrieb mit engagierten Trainern und Betreuern und ein spezielles Torwarttraining sowie ein [&hellip;]<\/p>\n","protected":false},"author":1,"featured_media":0,"parent":0,"menu_order":0,"comment_status":"closed","ping_status":"closed","template":"","meta":{"ocean_post_layout":"full-width","ocean_both_sidebars_style":"","ocean_both_sidebars_content_width":0,"ocean_both_sidebars_sidebars_width":0,"ocean_sidebar":"0","ocean_second_sidebar":"0","ocean_disable_margins":"enable","ocean_add_body_class":"","ocean_shortcode_before_top_bar":"","ocean_shortcode_after_top_bar":"","ocean_shortcode_before_header":"","ocean_shortcode_after_header":"","ocean_has_shortcode":"","ocean_shortcode_after_title":"","ocean_shortcode_before_footer_widgets":"","ocean_shortcode_after_footer_widgets":"","ocean_shortcode_before_footer_bottom":"","ocean_shortcode_after_footer_bottom":"","ocean_display_top_bar":"default","ocean_display_header":"default","ocean_header_style":"","ocean_center_header_left_menu":"0","ocean_custom_header_template":"0","ocean_custom_logo":0,"ocean_custom_retina_logo":0,"ocean_custom_logo_max_width":0,"ocean_custom_logo_tablet_max_width":0,"ocean_custom_logo_mobile_max_width":0,"ocean_custom_logo_max_height":0,"ocean_custom_logo_tablet_max_height":0,"ocean_custom_logo_mobile_max_height":0,"ocean_header_custom_menu":"0","ocean_menu_typo_font_family":"0","ocean_menu_typo_font_subset":"","ocean_menu_typo_font_size":0,"ocean_menu_typo_font_size_tablet":0,"ocean_menu_typo_font_size_mobile":0,"ocean_menu_typo_font_size_unit":"px","ocean_menu_typo_font_weight":"","ocean_menu_typo_font_weight_tablet":"","ocean_menu_typo_font_weight_mobile":"","ocean_menu_typo_transform":"","ocean_menu_typo_transform_tablet":"","ocean_menu_typo_transform_mobile":"","ocean_menu_typo_line_height":0,"ocean_menu_typo_line_height_tablet":0,"ocean_menu_typo_line_height_mobile":0,"ocean_menu_typo_line_height_unit":"","ocean_menu_typo_spacing":0,"ocean_menu_typo_spacing_tablet":0,"ocean_menu_typo_spacing_mobile":0,"ocean_menu_typo_spacing_unit":"","ocean_menu_link_color":"","ocean_menu_link_color_hover":"","ocean_menu_link_color_active":"","ocean_menu_link_background":"","ocean_menu_link_hover_background":"","ocean_menu_link_active_background":"","ocean_menu_social_links_bg":"","ocean_menu_social_hover_links_bg":"","ocean_menu_social_links_color":"","ocean_menu_social_hover_links_color":"","ocean_disable_title":"default","ocean_disable_heading":"default","ocean_post_title":"","ocean_post_subheading":"","ocean_post_title_style":"","ocean_post_title_background_color":"","ocean_post_title_background":0,"ocean_post_title_bg_image_position":"","ocean_post_title_bg_image_attachment":"","ocean_post_title_bg_image_repeat":"","ocean_post_title_bg_image_size":"","ocean_post_title_height":0,"ocean_post_title_bg_overlay":0.5,"ocean_post_title_bg_overlay_color":"","ocean_disable_breadcrumbs":"default","ocean_breadcrumbs_color":"","ocean_breadcrumbs_separator_color":"","ocean_breadcrumbs_links_color":"","ocean_breadcrumbs_links_hover_color":"","ocean_display_footer_widgets":"default","ocean_display_footer_bottom":"default","ocean_custom_footer_template":"0","footnotes":""},"class_list":["post-1107","page","type-page","status-publish","hentry","entry"],"yoast_head":"<!-- This site is optimized with the Yoast SEO plugin v25.2 - https:\/\/yoast.com\/wordpress\/plugins\/seo\/ -->\n<title>Jugendabteilung - FV08<\/title>\n<meta name=\"robots\" content=\"index, follow, max-snippet:-1, max-image-preview:large, max-video-preview:-1\" \/>\n<link rel=\"canonical\" href=\"https:\/\/fv08-neuenhain.de\/?page_id=1107\" \/>\n<meta property=\"og:locale\" content=\"de_DE\" \/>\n<meta property=\"og:type\" content=\"article\" \/>\n<meta property=\"og:title\" content=\"Jugendabteilung - FV08\" \/>\n<meta property=\"og:description\" content=\"Unsere Philosophie f\u00fcr die Jugend Beim FV08 Neuenhain werden Kinder und Jugendliche an den Fu\u00dfballsport herangef\u00fchrt und bestm\u00f6glich ausgebildet.Unsere Rahmenbedingungen mit einer hervorragenden Sportanlage, einem Kunstrasenplatz sowie einem Rasenplatz sind daf\u00fcr ideal. Im Winter stehen uns Hallenkapazit\u00e4ten zur Verf\u00fcgung. Wir bieten einen regelm\u00e4\u00dfigen Trainingsbetrieb mit engagierten Trainern und Betreuern und ein spezielles Torwarttraining sowie ein [&hellip;]\" \/>\n<meta property=\"og:url\" content=\"https:\/\/fv08-neuenhain.de\/?page_id=1107\" \/>\n<meta property=\"og:site_name\" content=\"FV08\" \/>\n<meta property=\"article:publisher\" content=\"https:\/\/www.facebook.com\/FV-08-Neuenhain-eV-1600832363530459\/?ref=page_internal\" \/>\n<meta property=\"article:modified_time\" content=\"2026-01-11T18:58:43+00:00\" \/>\n<meta name=\"twitter:card\" content=\"summary_large_image\" \/>\n<meta name=\"twitter:label1\" content=\"Gesch\u00e4tzte Lesezeit\" \/>\n\t<meta name=\"twitter:data1\" content=\"2\u00a0Minuten\" \/>\n<script type=\"application\/ld+json\" class=\"yoast-schema-graph\">{\"@context\":\"https:\/\/schema.org\",\"@graph\":[{\"@type\":\"WebPage\",\"@id\":\"https:\/\/fv08-neuenhain.de\/?page_id=1107\",\"url\":\"https:\/\/fv08-neuenhain.de\/?page_id=1107\",\"name\":\"Jugendabteilung - FV08\",\"isPartOf\":{\"@id\":\"https:\/\/fv08-neuenhain.de\/#website\"},\"datePublished\":\"2020-07-14T15:42:10+00:00\",\"dateModified\":\"2026-01-11T18:58:43+00:00\",\"breadcrumb\":{\"@id\":\"https:\/\/fv08-neuenhain.de\/?page_id=1107#breadcrumb\"},\"inLanguage\":\"de\",\"potentialAction\":[{\"@type\":\"ReadAction\",\"target\":[\"https:\/\/fv08-neuenhain.de\/?page_id=1107\"]}]},{\"@type\":\"BreadcrumbList\",\"@id\":\"https:\/\/fv08-neuenhain.de\/?page_id=1107#breadcrumb\",\"itemListElement\":[{\"@type\":\"ListItem\",\"position\":1,\"name\":\"Startseite\",\"item\":\"https:\/\/fv08-neuenhain.de\/\"},{\"@type\":\"ListItem\",\"position\":2,\"name\":\"Jugendabteilung\"}]},{\"@type\":\"WebSite\",\"@id\":\"https:\/\/fv08-neuenhain.de\/#website\",\"url\":\"https:\/\/fv08-neuenhain.de\/\",\"name\":\"FV08\",\"description\":\"Eine weitere WordPress-Seite\",\"publisher\":{\"@id\":\"https:\/\/fv08-neuenhain.de\/#organization\"},\"potentialAction\":[{\"@type\":\"SearchAction\",\"target\":{\"@type\":\"EntryPoint\",\"urlTemplate\":\"https:\/\/fv08-neuenhain.de\/?s={search_term_string}\"},\"query-input\":{\"@type\":\"PropertyValueSpecification\",\"valueRequired\":true,\"valueName\":\"search_term_string\"}}],\"inLanguage\":\"de\"},{\"@type\":\"Organization\",\"@id\":\"https:\/\/fv08-neuenhain.de\/#organization\",\"name\":\"FV08 Neuenhain\",\"url\":\"https:\/\/fv08-neuenhain.de\/\",\"logo\":{\"@type\":\"ImageObject\",\"inLanguage\":\"de\",\"@id\":\"https:\/\/fv08-neuenhain.de\/#\/schema\/logo\/image\/\",\"url\":\"https:\/\/fv08-neuenhain.de\/wp-content\/uploads\/2020\/04\/FV08-Logo1.png\",\"contentUrl\":\"https:\/\/fv08-neuenhain.de\/wp-content\/uploads\/2020\/04\/FV08-Logo1.png\",\"width\":168,\"height\":200,\"caption\":\"FV08 Neuenhain\"},\"image\":{\"@id\":\"https:\/\/fv08-neuenhain.de\/#\/schema\/logo\/image\/\"},\"sameAs\":[\"https:\/\/www.facebook.com\/FV-08-Neuenhain-eV-1600832363530459\/?ref=page_internal\"]}]}<\/script>\n<!-- \/ Yoast SEO plugin. -->","yoast_head_json":{"title":"Jugendabteilung - FV08","robots":{"index":"index","follow":"follow","max-snippet":"max-snippet:-1","max-image-preview":"max-image-preview:large","max-video-preview":"max-video-preview:-1"},"canonical":"https:\/\/fv08-neuenhain.de\/?page_id=1107","og_locale":"de_DE","og_type":"article","og_title":"Jugendabteilung - FV08","og_description":"Unsere Philosophie f\u00fcr die Jugend Beim FV08 Neuenhain werden Kinder und Jugendliche an den Fu\u00dfballsport herangef\u00fchrt und bestm\u00f6glich ausgebildet.Unsere Rahmenbedingungen mit einer hervorragenden Sportanlage, einem Kunstrasenplatz sowie einem Rasenplatz sind daf\u00fcr ideal. Im Winter stehen uns Hallenkapazit\u00e4ten zur Verf\u00fcgung. Wir bieten einen regelm\u00e4\u00dfigen Trainingsbetrieb mit engagierten Trainern und Betreuern und ein spezielles Torwarttraining sowie ein [&hellip;]","og_url":"https:\/\/fv08-neuenhain.de\/?page_id=1107","og_site_name":"FV08","article_publisher":"https:\/\/www.facebook.com\/FV-08-Neuenhain-eV-1600832363530459\/?ref=page_internal","article_modified_time":"2026-01-11T18:58:43+00:00","twitter_card":"summary_large_image","twitter_misc":{"Gesch\u00e4tzte Lesezeit":"2\u00a0Minuten"},"schema":{"@context":"https:\/\/schema.org","@graph":[{"@type":"WebPage","@id":"https:\/\/fv08-neuenhain.de\/?page_id=1107","url":"https:\/\/fv08-neuenhain.de\/?page_id=1107","name":"Jugendabteilung - FV08","isPartOf":{"@id":"https:\/\/fv08-neuenhain.de\/#website"},"datePublished":"2020-07-14T15:42:10+00:00","dateModified":"2026-01-11T18:58:43+00:00","breadcrumb":{"@id":"https:\/\/fv08-neuenhain.de\/?page_id=1107#breadcrumb"},"inLanguage":"de","potentialAction":[{"@type":"ReadAction","target":["https:\/\/fv08-neuenhain.de\/?page_id=1107"]}]},{"@type":"BreadcrumbList","@id":"https:\/\/fv08-neuenhain.de\/?page_id=1107#breadcrumb","itemListElement":[{"@type":"ListItem","position":1,"name":"Startseite","item":"https:\/\/fv08-neuenhain.de\/"},{"@type":"ListItem","position":2,"name":"Jugendabteilung"}]},{"@type":"WebSite","@id":"https:\/\/fv08-neuenhain.de\/#website","url":"https:\/\/fv08-neuenhain.de\/","name":"FV08","description":"Eine weitere WordPress-Seite","publisher":{"@id":"https:\/\/fv08-neuenhain.de\/#organization"},"potentialAction":[{"@type":"SearchAction","target":{"@type":"EntryPoint","urlTemplate":"https:\/\/fv08-neuenhain.de\/?s={search_term_string}"},"query-input":{"@type":"PropertyValueSpecification","valueRequired":true,"valueName":"search_term_string"}}],"inLanguage":"de"},{"@type":"Organization","@id":"https:\/\/fv08-neuenhain.de\/#organization","name":"FV08 Neuenhain","url":"https:\/\/fv08-neuenhain.de\/","logo":{"@type":"ImageObject","inLanguage":"de","@id":"https:\/\/fv08-neuenhain.de\/#\/schema\/logo\/image\/","url":"https:\/\/fv08-neuenhain.de\/wp-content\/uploads\/2020\/04\/FV08-Logo1.png","contentUrl":"https:\/\/fv08-neuenhain.de\/wp-content\/uploads\/2020\/04\/FV08-Logo1.png","width":168,"height":200,"caption":"FV08 Neuenhain"},"image":{"@id":"https:\/\/fv08-neuenhain.de\/#\/schema\/logo\/image\/"},"sameAs":["https:\/\/www.facebook.com\/FV-08-Neuenhain-eV-1600832363530459\/?ref=page_internal"]}]}},"_links":{"self":[{"href":"https:\/\/fv08-neuenhain.de\/index.php?rest_route=\/wp\/v2\/pages\/1107","targetHints":{"allow":["GET"]}}],"collection":[{"href":"https:\/\/fv08-neuenhain.de\/index.php?rest_route=\/wp\/v2\/pages"}],"about":[{"href":"https:\/\/fv08-neuenhain.de\/index.php?rest_route=\/wp\/v2\/types\/page"}],"author":[{"embeddable":true,"href":"https:\/\/fv08-neuenhain.de\/index.php?rest_route=\/wp\/v2\/users\/1"}],"replies":[{"embeddable":true,"href":"https:\/\/fv08-neuenhain.de\/index.php?rest_route=%2Fwp%2Fv2%2Fcomments&post=1107"}],"version-history":[{"count":9,"href":"https:\/\/fv08-neuenhain.de\/index.php?rest_route=\/wp\/v2\/pages\/1107\/revisions"}],"predecessor-version":[{"id":2796,"href":"https:\/\/fv08-neuenhain.de\/index.php?rest_route=\/wp\/v2\/pages\/1107\/revisions\/2796"}],"wp:attachment":[{"href":"https:\/\/fv08-neuenhain.de\/index.php?rest_route=%2Fwp%2Fv2%2Fmedia&parent=1107"}],"curies":[{"name":"wp","href":"https:\/\/api.w.org\/{rel}","templated":true}]}}