{"id":1148,"date":"2020-07-16T12:28:29","date_gmt":"2020-07-16T10:28:29","guid":{"rendered":"http:\/\/fv08-neuenhain.de\/?page_id=1148"},"modified":"2026-01-16T22:21:00","modified_gmt":"2026-01-16T20:21:00","slug":"mitglied-werden","status":"publish","type":"page","link":"https:\/\/fv08-neuenhain.de\/?page_id=1148","title":{"rendered":"Mitglied werden"},"content":{"rendered":"\t\t<div data-elementor-type=\"wp-page\" data-elementor-id=\"1148\" class=\"elementor elementor-1148\">\n\t\t\t\t\t\t<section class=\"elementor-section elementor-top-section elementor-element elementor-element-fe0860c elementor-section-boxed elementor-section-height-default elementor-section-height-default\" data-id=\"fe0860c\" data-element_type=\"section\">\n\t\t\t\t\t\t<div class=\"elementor-container elementor-column-gap-default\">\n\t\t\t\t\t<div class=\"elementor-column elementor-col-100 elementor-top-column elementor-element elementor-element-725fbd8\" data-id=\"725fbd8\" data-element_type=\"column\">\n\t\t\t<div class=\"elementor-widget-wrap elementor-element-populated\">\n\t\t\t\t\t\t<div class=\"elementor-element elementor-element-a306fe0 elementor-widget elementor-widget-text-editor\" data-id=\"a306fe0\" data-element_type=\"widget\" data-widget_type=\"text-editor.default\">\n\t\t\t\t<div class=\"elementor-widget-container\">\n\t\t\t\t\t\t\t\t\t<h2>Mitglied beim FV08 Neuenhain werden<\/h2><p>Egal ob aktiv oder passiv, du m\u00f6chtest Mitglied beim FV08 Neuenhain werden. Melde dich heute noch an oder komm zu uns zum Probetraining und werde Teil unserer Sportgemeinschaft.<\/p><p>Fragen gerne an:\u00a0<a href=\"mitglieder@fv08-neuenhain.de\">mitglieder@fv08-neuenhain.de<\/a><\/p><p><br \/>Zur Anmeldeseite: <a href=\"https:\/\/fv08-neuenhain.de\/?page_id=1148%E2%80%8E&amp;customize_changeset_uuid=289fd8c0-e03d-4876-9f1d-310d81854cdb&amp;customize_autosaved=on&amp;customize_messenger_channel=preview-49\">Vereinsanmeldung<\/a><\/p><p><a href=\"https:\/\/fv08-neuenhain.de\/?page_id=1060&amp;customize_changeset_uuid=289fd8c0-e03d-4876-9f1d-310d81854cdb&amp;customize_autosaved=on&amp;customize_messenger_channel=preview-49\" rel=\"noopener\">A<\/a>nmeldung Probetraining: <a href=\"https:\/\/fv08-neuenhain.de\/?page_id=1060&amp;customize_changeset_uuid=289fd8c0-e03d-4876-9f1d-310d81854cdb&amp;customize_autosaved=on&amp;customize_messenger_channel=preview-49\">hier drauf klicken\u00a0<\/a><\/p><p>Wir freuen uns auf Dich!<\/p>\t\t\t\t\t\t\t\t<\/div>\n\t\t\t\t<\/div>\n\t\t\t\t\t<\/div>\n\t\t<\/div>\n\t\t\t\t\t<\/div>\n\t\t<\/section>\n\t\t\t\t<section class=\"elementor-section elementor-top-section elementor-element elementor-element-5215cc13 elementor-section-content-middle elementor-section-boxed elementor-section-height-default elementor-section-height-default\" data-id=\"5215cc13\" data-element_type=\"section\">\n\t\t\t\t\t\t<div class=\"elementor-container elementor-column-gap-no\">\n\t\t\t\t\t<div class=\"elementor-column elementor-col-100 elementor-top-column elementor-element elementor-element-5ba3fe60\" data-id=\"5ba3fe60\" data-element_type=\"column\">\n\t\t\t<div class=\"elementor-widget-wrap elementor-element-populated\">\n\t\t\t\t\t\t<div class=\"elementor-element elementor-element-33bb080f elementor-position-left elementor-view-default elementor-mobile-position-top elementor-vertical-align-top elementor-widget elementor-widget-icon-box\" data-id=\"33bb080f\" data-element_type=\"widget\" data-widget_type=\"icon-box.default\">\n\t\t\t\t<div class=\"elementor-widget-container\">\n\t\t\t\t\t\t\t<div class=\"elementor-icon-box-wrapper\">\n\n\t\t\t\t\t\t<div class=\"elementor-icon-box-icon\">\n\t\t\t\t<a href=\"http:\/\/fv08-neuenhain.de\/wp-content\/uploads\/2020\/04\/Vereinsanmeldung_FV08Neuenhain_2016.pdf\" class=\"elementor-icon elementor-animation-grow\" tabindex=\"-1\" aria-label=\"Vereinsanmeldung\">\n\t\t\t\t<i aria-hidden=\"true\" class=\"far fa-file-pdf\"><\/i>\t\t\t\t<\/a>\n\t\t\t<\/div>\n\t\t\t\n\t\t\t\t\t\t<div class=\"elementor-icon-box-content\">\n\n\t\t\t\t\t\t\t\t\t<h3 class=\"elementor-icon-box-title\">\n\t\t\t\t\t\t<a href=\"http:\/\/fv08-neuenhain.de\/wp-content\/uploads\/2020\/04\/Vereinsanmeldung_FV08Neuenhain_2016.pdf\" >\n\t\t\t\t\t\t\tVereinsanmeldung\t\t\t\t\t\t<\/a>\n\t\t\t\t\t<\/h3>\n\t\t\t\t\n\t\t\t\t\t\t\t\t\t<p class=\"elementor-icon-box-description\">\n\t\t\t\t\t\tDas Formular herunterladen und ausgef\u00fcllt an den Verein senden oder zum Training mitbringen. \nAktive Mitglieder ben\u00f6tigen auch einen Spielerpass. Dazu bitte den Passantrag ausf\u00fcllen und ebenfalls mitbringen.\t\t\t\t\t<\/p>\n\t\t\t\t\n\t\t\t<\/div>\n\t\t\t\n\t\t<\/div>\n\t\t\t\t\t\t<\/div>\n\t\t\t\t<\/div>\n\t\t\t\t<div class=\"elementor-element elementor-element-6f9dc6fa elementor-position-left elementor-view-default elementor-mobile-position-top elementor-vertical-align-top elementor-widget elementor-widget-icon-box\" data-id=\"6f9dc6fa\" data-element_type=\"widget\" data-widget_type=\"icon-box.default\">\n\t\t\t\t<div class=\"elementor-widget-container\">\n\t\t\t\t\t\t\t<div class=\"elementor-icon-box-wrapper\">\n\n\t\t\t\t\t\t<div class=\"elementor-icon-box-icon\">\n\t\t\t\t<a href=\"http:\/\/fv08-neuenhain.de\/wp-content\/uploads\/2020\/04\/Passantrag_FV08Neuenhain_2016.pdf\" class=\"elementor-icon elementor-animation-grow\" tabindex=\"-1\" aria-label=\"Passantrag\">\n\t\t\t\t<i aria-hidden=\"true\" class=\"far fa-file-pdf\"><\/i>\t\t\t\t<\/a>\n\t\t\t<\/div>\n\t\t\t\n\t\t\t\t\t\t<div class=\"elementor-icon-box-content\">\n\n\t\t\t\t\t\t\t\t\t<h3 class=\"elementor-icon-box-title\">\n\t\t\t\t\t\t<a href=\"http:\/\/fv08-neuenhain.de\/wp-content\/uploads\/2020\/04\/Passantrag_FV08Neuenhain_2016.pdf\" >\n\t\t\t\t\t\t\tPassantrag\t\t\t\t\t\t<\/a>\n\t\t\t\t\t<\/h3>\n\t\t\t\t\n\t\t\t\t\t\t\t\t\t<p class=\"elementor-icon-box-description\">\n\t\t\t\t\t\tF\u00fcr aktive Vereinsmitglieder - das Passantrag-Formular herunterladen und ausgef\u00fcllt mit der Vereinsanmeldung beim Verein abgeben. Alles Weitere erledigen wir f\u00fcr dich.\t\t\t\t\t<\/p>\n\t\t\t\t\n\t\t\t<\/div>\n\t\t\t\n\t\t<\/div>\n\t\t\t\t\t\t<\/div>\n\t\t\t\t<\/div>\n\t\t\t\t<div class=\"elementor-element elementor-element-05446c1 elementor-position-left elementor-view-default elementor-mobile-position-top elementor-vertical-align-top elementor-widget elementor-widget-icon-box\" data-id=\"05446c1\" data-element_type=\"widget\" data-widget_type=\"icon-box.default\">\n\t\t\t\t<div class=\"elementor-widget-container\">\n\t\t\t\t\t\t\t<div class=\"elementor-icon-box-wrapper\">\n\n\t\t\t\t\t\t<div class=\"elementor-icon-box-icon\">\n\t\t\t\t<a href=\"http:\/\/fv08-neuenhain.de\/wp-content\/uploads\/2020\/07\/Datenschutzerkla\u0308rung-neu-inkl.-Verwendung-Spielerfoto1.pdf\" class=\"elementor-icon elementor-animation-grow\" tabindex=\"-1\" aria-label=\"Datenschutzerkl\u00e4rung\">\n\t\t\t\t<i aria-hidden=\"true\" class=\"far fa-file-pdf\"><\/i>\t\t\t\t<\/a>\n\t\t\t<\/div>\n\t\t\t\n\t\t\t\t\t\t<div class=\"elementor-icon-box-content\">\n\n\t\t\t\t\t\t\t\t\t<h3 class=\"elementor-icon-box-title\">\n\t\t\t\t\t\t<a href=\"http:\/\/fv08-neuenhain.de\/wp-content\/uploads\/2020\/07\/Datenschutzerkla\u0308rung-neu-inkl.-Verwendung-Spielerfoto1.pdf\" >\n\t\t\t\t\t\t\tDatenschutzerkl\u00e4rung\t\t\t\t\t\t<\/a>\n\t\t\t\t\t<\/h3>\n\t\t\t\t\n\t\t\t\t\t\t\t\t\t<p class=\"elementor-icon-box-description\">\n\t\t\t\t\t\tIn der Datenschutzerkl\u00e4rung erl\u00e4utern wir dir, welche pers\u00f6nlichen Daten von dir f\u00fcr die Vereinsanmeldung verarbeitet werden. Diese Erkl\u00e4rung ist ein wichtiger Bestandteil deiner Vereinsameldung beim FV08 Neuenhain.\t\t\t\t\t<\/p>\n\t\t\t\t\n\t\t\t<\/div>\n\t\t\t\n\t\t<\/div>\n\t\t\t\t\t\t<\/div>\n\t\t\t\t<\/div>\n\t\t\t\t<div class=\"elementor-element elementor-element-691ae8c1 elementor-position-left elementor-view-default elementor-mobile-position-top elementor-vertical-align-top elementor-widget elementor-widget-icon-box\" data-id=\"691ae8c1\" data-element_type=\"widget\" data-widget_type=\"icon-box.default\">\n\t\t\t\t<div class=\"elementor-widget-container\">\n\t\t\t\t\t\t\t<div class=\"elementor-icon-box-wrapper\">\n\n\t\t\t\t\t\t<div class=\"elementor-icon-box-icon\">\n\t\t\t\t<a href=\"http:\/\/fv08-neuenhain.de\/wp-content\/uploads\/2020\/04\/Zusatzformular_To_Players_Parents.pdf\" class=\"elementor-icon elementor-animation-grow\" tabindex=\"-1\" aria-label=\"Zusatzformular \">\n\t\t\t\t<i aria-hidden=\"true\" class=\"far fa-file-pdf\"><\/i>\t\t\t\t<\/a>\n\t\t\t<\/div>\n\t\t\t\n\t\t\t\t\t\t<div class=\"elementor-icon-box-content\">\n\n\t\t\t\t\t\t\t\t\t<h3 class=\"elementor-icon-box-title\">\n\t\t\t\t\t\t<a href=\"http:\/\/fv08-neuenhain.de\/wp-content\/uploads\/2020\/04\/Zusatzformular_To_Players_Parents.pdf\" >\n\t\t\t\t\t\t\tZusatzformular \t\t\t\t\t\t<\/a>\n\t\t\t\t\t<\/h3>\n\t\t\t\t\n\t\t\t\t\t\t\t\t\t<p class=\"elementor-icon-box-description\">\n\t\t\t\t\t\tDas Zusatzformular wird mit deiner Anmeldung ben\u00f6tigt, wenn du keine deutsche Staatsb\u00fcrgerschaft hast.\t\t\t\t\t<\/p>\n\t\t\t\t\n\t\t\t<\/div>\n\t\t\t\n\t\t<\/div>\n\t\t\t\t\t\t<\/div>\n\t\t\t\t<\/div>\n\t\t\t\t<div class=\"elementor-element elementor-element-9beb8dd elementor-position-left elementor-view-default elementor-mobile-position-top elementor-vertical-align-top elementor-widget elementor-widget-icon-box\" data-id=\"9beb8dd\" data-element_type=\"widget\" data-widget_type=\"icon-box.default\">\n\t\t\t\t<div class=\"elementor-widget-container\">\n\t\t\t\t\t\t\t<div class=\"elementor-icon-box-wrapper\">\n\n\t\t\t\t\t\t<div class=\"elementor-icon-box-icon\">\n\t\t\t\t<a href=\"http:\/\/fv08-neuenhain.de\/wp-content\/uploads\/2020\/04\/U\u0308bersicht_beno\u0308tigte_Zusatzformulare.pdf\" class=\"elementor-icon elementor-animation-grow\" tabindex=\"-1\" aria-label=\"\u00dcbersicht Formulare \">\n\t\t\t\t<i aria-hidden=\"true\" class=\"far fa-file-pdf\"><\/i>\t\t\t\t<\/a>\n\t\t\t<\/div>\n\t\t\t\n\t\t\t\t\t\t<div class=\"elementor-icon-box-content\">\n\n\t\t\t\t\t\t\t\t\t<h3 class=\"elementor-icon-box-title\">\n\t\t\t\t\t\t<a href=\"http:\/\/fv08-neuenhain.de\/wp-content\/uploads\/2020\/04\/U\u0308bersicht_beno\u0308tigte_Zusatzformulare.pdf\" >\n\t\t\t\t\t\t\t\u00dcbersicht Formulare \t\t\t\t\t\t<\/a>\n\t\t\t\t\t<\/h3>\n\t\t\t\t\n\t\t\t\t\t\t\t\t\t<p class=\"elementor-icon-box-description\">\n\t\t\t\t\t\tHier kannst du dich informieren, welche Formulare f\u00fcr deine Anmeldung notwendig sind.\t\t\t\t\t<\/p>\n\t\t\t\t\n\t\t\t<\/div>\n\t\t\t\n\t\t<\/div>\n\t\t\t\t\t\t<\/div>\n\t\t\t\t<\/div>\n\t\t\t\t\t<\/div>\n\t\t<\/div>\n\t\t\t\t\t<\/div>\n\t\t<\/section>\n\t\t\t\t<\/div>\n\t\t","protected":false},"excerpt":{"rendered":"<p>Mitglied beim FV08 Neuenhain werden Egal ob aktiv oder passiv, du m\u00f6chtest Mitglied beim FV08 Neuenhain werden. Melde dich heute noch an oder komm zu uns zum Probetraining und werde Teil unserer Sportgemeinschaft. Fragen gerne an:\u00a0mitglieder@fv08-neuenhain.de Zur Anmeldeseite: Vereinsanmeldung Anmeldung Probetraining: hier drauf klicken\u00a0 Wir freuen uns auf Dich! Vereinsanmeldung Das Formular herunterladen und ausgef\u00fcllt [&hellip;]<\/p>\n","protected":false},"author":1,"featured_media":0,"parent":0,"menu_order":0,"comment_status":"closed","ping_status":"closed","template":"","meta":{"ocean_post_layout":"full-width","ocean_both_sidebars_style":"","ocean_both_sidebars_content_width":0,"ocean_both_sidebars_sidebars_width":0,"ocean_sidebar":"0","ocean_second_sidebar":"0","ocean_disable_margins":"enable","ocean_add_body_class":"","ocean_shortcode_before_top_bar":"","ocean_shortcode_after_top_bar":"","ocean_shortcode_before_header":"","ocean_shortcode_after_header":"","ocean_has_shortcode":"","ocean_shortcode_after_title":"","ocean_shortcode_before_footer_widgets":"","ocean_shortcode_after_footer_widgets":"","ocean_shortcode_before_footer_bottom":"","ocean_shortcode_after_footer_bottom":"","ocean_display_top_bar":"default","ocean_display_header":"default","ocean_header_style":"","ocean_center_header_left_menu":"0","ocean_custom_header_template":"0","ocean_custom_logo":0,"ocean_custom_retina_logo":0,"ocean_custom_logo_max_width":0,"ocean_custom_logo_tablet_max_width":0,"ocean_custom_logo_mobile_max_width":0,"ocean_custom_logo_max_height":0,"ocean_custom_logo_tablet_max_height":0,"ocean_custom_logo_mobile_max_height":0,"ocean_header_custom_menu":"0","ocean_menu_typo_font_family":"0","ocean_menu_typo_font_subset":"","ocean_menu_typo_font_size":0,"ocean_menu_typo_font_size_tablet":0,"ocean_menu_typo_font_size_mobile":0,"ocean_menu_typo_font_size_unit":"px","ocean_menu_typo_font_weight":"","ocean_menu_typo_font_weight_tablet":"","ocean_menu_typo_font_weight_mobile":"","ocean_menu_typo_transform":"","ocean_menu_typo_transform_tablet":"","ocean_menu_typo_transform_mobile":"","ocean_menu_typo_line_height":0,"ocean_menu_typo_line_height_tablet":0,"ocean_menu_typo_line_height_mobile":0,"ocean_menu_typo_line_height_unit":"","ocean_menu_typo_spacing":0,"ocean_menu_typo_spacing_tablet":0,"ocean_menu_typo_spacing_mobile":0,"ocean_menu_typo_spacing_unit":"","ocean_menu_link_color":"","ocean_menu_link_color_hover":"","ocean_menu_link_color_active":"","ocean_menu_link_background":"","ocean_menu_link_hover_background":"","ocean_menu_link_active_background":"","ocean_menu_social_links_bg":"","ocean_menu_social_hover_links_bg":"","ocean_menu_social_links_color":"","ocean_menu_social_hover_links_color":"","ocean_disable_title":"default","ocean_disable_heading":"default","ocean_post_title":"","ocean_post_subheading":"","ocean_post_title_style":"","ocean_post_title_background_color":"","ocean_post_title_background":0,"ocean_post_title_bg_image_position":"","ocean_post_title_bg_image_attachment":"","ocean_post_title_bg_image_repeat":"","ocean_post_title_bg_image_size":"","ocean_post_title_height":0,"ocean_post_title_bg_overlay":0.5,"ocean_post_title_bg_overlay_color":"","ocean_disable_breadcrumbs":"default","ocean_breadcrumbs_color":"","ocean_breadcrumbs_separator_color":"","ocean_breadcrumbs_links_color":"","ocean_breadcrumbs_links_hover_color":"","ocean_display_footer_widgets":"default","ocean_display_footer_bottom":"default","ocean_custom_footer_template":"0","footnotes":""},"class_list":["post-1148","page","type-page","status-publish","hentry","entry"],"yoast_head":"<!-- This site is optimized with the Yoast SEO plugin v25.2 - https:\/\/yoast.com\/wordpress\/plugins\/seo\/ -->\n<title>Mitglied werden - FV08<\/title>\n<meta name=\"description\" content=\"Ob aktives oder passives Mitglied - wir freuen uns auf dich!\" \/>\n<meta name=\"robots\" content=\"index, follow, max-snippet:-1, max-image-preview:large, max-video-preview:-1\" \/>\n<link rel=\"canonical\" href=\"https:\/\/fv08-neuenhain.de\/?page_id=1148\" \/>\n<meta property=\"og:locale\" content=\"de_DE\" \/>\n<meta property=\"og:type\" content=\"article\" \/>\n<meta property=\"og:title\" content=\"Mitglied werden - FV08\" \/>\n<meta property=\"og:description\" content=\"Ob aktives oder passives Mitglied - wir freuen uns auf dich!\" \/>\n<meta property=\"og:url\" content=\"https:\/\/fv08-neuenhain.de\/?page_id=1148\" \/>\n<meta property=\"og:site_name\" content=\"FV08\" \/>\n<meta property=\"article:publisher\" content=\"https:\/\/www.facebook.com\/FV-08-Neuenhain-eV-1600832363530459\/?ref=page_internal\" \/>\n<meta property=\"article:modified_time\" content=\"2026-01-16T20:21:00+00:00\" \/>\n<meta name=\"twitter:card\" content=\"summary_large_image\" \/>\n<meta name=\"twitter:label1\" content=\"Gesch\u00e4tzte Lesezeit\" \/>\n\t<meta name=\"twitter:data1\" content=\"1\u00a0Minute\" \/>\n<script type=\"application\/ld+json\" class=\"yoast-schema-graph\">{\"@context\":\"https:\/\/schema.org\",\"@graph\":[{\"@type\":\"WebPage\",\"@id\":\"https:\/\/fv08-neuenhain.de\/?page_id=1148\",\"url\":\"https:\/\/fv08-neuenhain.de\/?page_id=1148\",\"name\":\"Mitglied werden - FV08\",\"isPartOf\":{\"@id\":\"https:\/\/fv08-neuenhain.de\/#website\"},\"datePublished\":\"2020-07-16T10:28:29+00:00\",\"dateModified\":\"2026-01-16T20:21:00+00:00\",\"description\":\"Ob aktives oder passives Mitglied - wir freuen uns auf dich!\",\"breadcrumb\":{\"@id\":\"https:\/\/fv08-neuenhain.de\/?page_id=1148#breadcrumb\"},\"inLanguage\":\"de\",\"potentialAction\":[{\"@type\":\"ReadAction\",\"target\":[\"https:\/\/fv08-neuenhain.de\/?page_id=1148\"]}]},{\"@type\":\"BreadcrumbList\",\"@id\":\"https:\/\/fv08-neuenhain.de\/?page_id=1148#breadcrumb\",\"itemListElement\":[{\"@type\":\"ListItem\",\"position\":1,\"name\":\"Startseite\",\"item\":\"https:\/\/fv08-neuenhain.de\/\"},{\"@type\":\"ListItem\",\"position\":2,\"name\":\"Mitglied werden\"}]},{\"@type\":\"WebSite\",\"@id\":\"https:\/\/fv08-neuenhain.de\/#website\",\"url\":\"https:\/\/fv08-neuenhain.de\/\",\"name\":\"FV08\",\"description\":\"Eine weitere WordPress-Seite\",\"publisher\":{\"@id\":\"https:\/\/fv08-neuenhain.de\/#organization\"},\"potentialAction\":[{\"@type\":\"SearchAction\",\"target\":{\"@type\":\"EntryPoint\",\"urlTemplate\":\"https:\/\/fv08-neuenhain.de\/?s={search_term_string}\"},\"query-input\":{\"@type\":\"PropertyValueSpecification\",\"valueRequired\":true,\"valueName\":\"search_term_string\"}}],\"inLanguage\":\"de\"},{\"@type\":\"Organization\",\"@id\":\"https:\/\/fv08-neuenhain.de\/#organization\",\"name\":\"FV08 Neuenhain\",\"url\":\"https:\/\/fv08-neuenhain.de\/\",\"logo\":{\"@type\":\"ImageObject\",\"inLanguage\":\"de\",\"@id\":\"https:\/\/fv08-neuenhain.de\/#\/schema\/logo\/image\/\",\"url\":\"https:\/\/fv08-neuenhain.de\/wp-content\/uploads\/2020\/04\/FV08-Logo1.png\",\"contentUrl\":\"https:\/\/fv08-neuenhain.de\/wp-content\/uploads\/2020\/04\/FV08-Logo1.png\",\"width\":168,\"height\":200,\"caption\":\"FV08 Neuenhain\"},\"image\":{\"@id\":\"https:\/\/fv08-neuenhain.de\/#\/schema\/logo\/image\/\"},\"sameAs\":[\"https:\/\/www.facebook.com\/FV-08-Neuenhain-eV-1600832363530459\/?ref=page_internal\"]}]}<\/script>\n<!-- \/ Yoast SEO plugin. -->","yoast_head_json":{"title":"Mitglied werden - FV08","description":"Ob aktives oder passives Mitglied - wir freuen uns auf dich!","robots":{"index":"index","follow":"follow","max-snippet":"max-snippet:-1","max-image-preview":"max-image-preview:large","max-video-preview":"max-video-preview:-1"},"canonical":"https:\/\/fv08-neuenhain.de\/?page_id=1148","og_locale":"de_DE","og_type":"article","og_title":"Mitglied werden - FV08","og_description":"Ob aktives oder passives Mitglied - wir freuen uns auf dich!","og_url":"https:\/\/fv08-neuenhain.de\/?page_id=1148","og_site_name":"FV08","article_publisher":"https:\/\/www.facebook.com\/FV-08-Neuenhain-eV-1600832363530459\/?ref=page_internal","article_modified_time":"2026-01-16T20:21:00+00:00","twitter_card":"summary_large_image","twitter_misc":{"Gesch\u00e4tzte Lesezeit":"1\u00a0Minute"},"schema":{"@context":"https:\/\/schema.org","@graph":[{"@type":"WebPage","@id":"https:\/\/fv08-neuenhain.de\/?page_id=1148","url":"https:\/\/fv08-neuenhain.de\/?page_id=1148","name":"Mitglied werden - FV08","isPartOf":{"@id":"https:\/\/fv08-neuenhain.de\/#website"},"datePublished":"2020-07-16T10:28:29+00:00","dateModified":"2026-01-16T20:21:00+00:00","description":"Ob aktives oder passives Mitglied - wir freuen uns auf dich!","breadcrumb":{"@id":"https:\/\/fv08-neuenhain.de\/?page_id=1148#breadcrumb"},"inLanguage":"de","potentialAction":[{"@type":"ReadAction","target":["https:\/\/fv08-neuenhain.de\/?page_id=1148"]}]},{"@type":"BreadcrumbList","@id":"https:\/\/fv08-neuenhain.de\/?page_id=1148#breadcrumb","itemListElement":[{"@type":"ListItem","position":1,"name":"Startseite","item":"https:\/\/fv08-neuenhain.de\/"},{"@type":"ListItem","position":2,"name":"Mitglied werden"}]},{"@type":"WebSite","@id":"https:\/\/fv08-neuenhain.de\/#website","url":"https:\/\/fv08-neuenhain.de\/","name":"FV08","description":"Eine weitere WordPress-Seite","publisher":{"@id":"https:\/\/fv08-neuenhain.de\/#organization"},"potentialAction":[{"@type":"SearchAction","target":{"@type":"EntryPoint","urlTemplate":"https:\/\/fv08-neuenhain.de\/?s={search_term_string}"},"query-input":{"@type":"PropertyValueSpecification","valueRequired":true,"valueName":"search_term_string"}}],"inLanguage":"de"},{"@type":"Organization","@id":"https:\/\/fv08-neuenhain.de\/#organization","name":"FV08 Neuenhain","url":"https:\/\/fv08-neuenhain.de\/","logo":{"@type":"ImageObject","inLanguage":"de","@id":"https:\/\/fv08-neuenhain.de\/#\/schema\/logo\/image\/","url":"https:\/\/fv08-neuenhain.de\/wp-content\/uploads\/2020\/04\/FV08-Logo1.png","contentUrl":"https:\/\/fv08-neuenhain.de\/wp-content\/uploads\/2020\/04\/FV08-Logo1.png","width":168,"height":200,"caption":"FV08 Neuenhain"},"image":{"@id":"https:\/\/fv08-neuenhain.de\/#\/schema\/logo\/image\/"},"sameAs":["https:\/\/www.facebook.com\/FV-08-Neuenhain-eV-1600832363530459\/?ref=page_internal"]}]}},"_links":{"self":[{"href":"https:\/\/fv08-neuenhain.de\/index.php?rest_route=\/wp\/v2\/pages\/1148","targetHints":{"allow":["GET"]}}],"collection":[{"href":"https:\/\/fv08-neuenhain.de\/index.php?rest_route=\/wp\/v2\/pages"}],"about":[{"href":"https:\/\/fv08-neuenhain.de\/index.php?rest_route=\/wp\/v2\/types\/page"}],"author":[{"embeddable":true,"href":"https:\/\/fv08-neuenhain.de\/index.php?rest_route=\/wp\/v2\/users\/1"}],"replies":[{"embeddable":true,"href":"https:\/\/fv08-neuenhain.de\/index.php?rest_route=%2Fwp%2Fv2%2Fcomments&post=1148"}],"version-history":[{"count":27,"href":"https:\/\/fv08-neuenhain.de\/index.php?rest_route=\/wp\/v2\/pages\/1148\/revisions"}],"predecessor-version":[{"id":3037,"href":"https:\/\/fv08-neuenhain.de\/index.php?rest_route=\/wp\/v2\/pages\/1148\/revisions\/3037"}],"wp:attachment":[{"href":"https:\/\/fv08-neuenhain.de\/index.php?rest_route=%2Fwp%2Fv2%2Fmedia&parent=1148"}],"curies":[{"name":"wp","href":"https:\/\/api.w.org\/{rel}","templated":true}]}}