{"id":2665,"date":"2025-12-29T20:46:33","date_gmt":"2025-12-29T18:46:33","guid":{"rendered":"https:\/\/fv08-neuenhain.de\/?page_id=2665"},"modified":"2025-12-29T21:06:45","modified_gmt":"2025-12-29T19:06:45","slug":"aktuelles-2","status":"publish","type":"page","link":"https:\/\/fv08-neuenhain.de\/?page_id=2665","title":{"rendered":"Aktuelles"},"content":{"rendered":"\t\t<div data-elementor-type=\"wp-page\" data-elementor-id=\"2665\" class=\"elementor elementor-2665\">\n\t\t\t\t\t\t<section class=\"elementor-section elementor-top-section elementor-element elementor-element-9c6cafd elementor-section-boxed elementor-section-height-default elementor-section-height-default\" data-id=\"9c6cafd\" data-element_type=\"section\">\n\t\t\t\t\t\t<div class=\"elementor-container elementor-column-gap-default\">\n\t\t\t\t\t<div class=\"elementor-column elementor-col-100 elementor-top-column elementor-element elementor-element-5bf20fb\" data-id=\"5bf20fb\" data-element_type=\"column\">\n\t\t\t<div class=\"elementor-widget-wrap elementor-element-populated\">\n\t\t\t\t\t\t<div class=\"elementor-element elementor-element-b2197b4 elementor-widget__width-initial elementor-widget elementor-widget-image\" data-id=\"b2197b4\" data-element_type=\"widget\" data-widget_type=\"image.default\">\n\t\t\t\t<div class=\"elementor-widget-container\">\n\t\t\t\t\t\t\t\t\t\t\t\t\t\t\t<img fetchpriority=\"high\" decoding=\"async\" width=\"634\" height=\"896\" src=\"https:\/\/fv08-neuenhain.de\/wp-content\/uploads\/2025\/04\/U17_Gruppenliga_2025.jpg\" class=\"attachment-medium_large size-medium_large wp-image-2439\" alt=\"U17_Gruppenliga_2025\" srcset=\"https:\/\/fv08-neuenhain.de\/wp-content\/uploads\/2025\/04\/U17_Gruppenliga_2025.jpg 634w, https:\/\/fv08-neuenhain.de\/wp-content\/uploads\/2025\/04\/U17_Gruppenliga_2025-212x300.jpg 212w\" sizes=\"(max-width: 634px) 100vw, 634px\" \/>\t\t\t\t\t\t\t\t\t\t\t\t\t\t\t<\/div>\n\t\t\t\t<\/div>\n\t\t\t\t<div class=\"elementor-element elementor-element-e207dcf elementor-widget elementor-widget-text-editor\" data-id=\"e207dcf\" data-element_type=\"widget\" data-widget_type=\"text-editor.default\">\n\t\t\t\t<div class=\"elementor-widget-container\">\n\t\t\t\t\t\t\t\t\t<h4>&nbsp;<\/h4>\n<h4><strong>FV08 Neuenhain U17 in der Gruppenliga \u2013 Verst\u00e4rkung gesucht!<\/strong><\/h4>\n<p>Unsere U17 in der Gruppenliga. Das ist die dritte h\u00f6chste Spielklasse im Jugendfu\u00dfball in Hessen. Diese Spielklasse ist das Ergebnis harter Arbeit, gro\u00dfem Teamgeist und stetiger Weiterentwicklung. Wir sind stolz auf unsere Jungs und freuen uns weiter auf spannende Spiele gegen starke Gegner.<\/p>\n<h5>Jetzt mitmachen \u2013 wir suchen Dich!<br>Um in der Gruppenliga weiter erfolgreich zu sein, suchen wir noch motivierte Spieler des Jahrgangs 2008\/2009, die Teil unseres ambitionierten Teams werden wollen. Wenn du Lust hast, leistungsorientierten Fu\u00dfball zu spielen, dich sportlich und pers\u00f6nlich weiterzuentwickeln und Teil einer engagierten Gemeinschaft zu sein, dann melde dich bei uns!<\/h5>\n<ul>\n<li>Qualifiziertes Trainerteam<\/li>\n<li>Top Trainingsbedingungen<\/li>\n<li>Zusammenhalt und Teamgeist<\/li>\n<li>Spannende Spiele auf hohem Niveau<\/li>\n<\/ul>\n<p><img decoding=\"async\" class=\"emoji\" role=\"img\" draggable=\"false\" src=\"https:\/\/s.w.org\/images\/core\/emoji\/17.0.2\/svg\/1f4c5.svg\" alt=\"\ud83d\udcc5\"> Probetrainings sind jederzeit nach Absprache m\u00f6glich!<br><img decoding=\"async\" class=\"emoji\" role=\"img\" draggable=\"false\" src=\"https:\/\/s.w.org\/images\/core\/emoji\/17.0.2\/svg\/1f4e7.svg\" alt=\"\ud83d\udce7\"> Kontakt: zum Trainerteam Niklas und Sinja&nbsp; <a href=\"mailto:08erjugendleitung@fv08-neuenhain.de\">info@fv08-neuenhain.<\/a>de<br><img decoding=\"async\" class=\"emoji\" role=\"img\" draggable=\"false\" src=\"https:\/\/s.w.org\/images\/core\/emoji\/17.0.2\/svg\/1f4cd.svg\" alt=\"\ud83d\udccd\"> Ort: Sportplatz FV08 Neuenhain<\/p>\n<p>Werde Teil der FV08-Familie \u2013 wir freuen uns auf Dich!<\/p><p><br><\/p><p><br><\/p><p><br><\/p><p><br><\/p>\t\t\t\t\t\t\t\t<\/div>\n\t\t\t\t<\/div>\n\t\t\t\t\t<\/div>\n\t\t<\/div>\n\t\t\t\t\t<\/div>\n\t\t<\/section>\n\t\t\t\t<section class=\"elementor-section elementor-top-section elementor-element elementor-element-5f83345 elementor-section-boxed elementor-section-height-default elementor-section-height-default\" data-id=\"5f83345\" data-element_type=\"section\">\n\t\t\t\t\t\t<div class=\"elementor-container elementor-column-gap-default\">\n\t\t\t\t\t<div class=\"elementor-column elementor-col-100 elementor-top-column elementor-element elementor-element-b7d3d6f\" data-id=\"b7d3d6f\" data-element_type=\"column\">\n\t\t\t<div class=\"elementor-widget-wrap elementor-element-populated\">\n\t\t\t\t\t\t<div class=\"elementor-element elementor-element-be40b0d elementor-widget__width-initial elementor-widget elementor-widget-image\" data-id=\"be40b0d\" data-element_type=\"widget\" data-widget_type=\"image.default\">\n\t\t\t\t<div class=\"elementor-widget-container\">\n\t\t\t\t\t\t\t\t\t\t\t\t\t\t\t<img decoding=\"async\" width=\"646\" height=\"915\" src=\"https:\/\/fv08-neuenhain.de\/wp-content\/uploads\/2025\/05\/2011-2012_Kreisliga_2025.jpg\" class=\"attachment-medium_large size-medium_large wp-image-2458\" alt=\"Kreisliga_2025\" srcset=\"https:\/\/fv08-neuenhain.de\/wp-content\/uploads\/2025\/05\/2011-2012_Kreisliga_2025.jpg 646w, https:\/\/fv08-neuenhain.de\/wp-content\/uploads\/2025\/05\/2011-2012_Kreisliga_2025-212x300.jpg 212w\" sizes=\"(max-width: 646px) 100vw, 646px\" \/>\t\t\t\t\t\t\t\t\t\t\t\t\t\t\t<\/div>\n\t\t\t\t<\/div>\n\t\t\t\t<div class=\"elementor-element elementor-element-a6845a8 elementor-widget elementor-widget-text-editor\" data-id=\"a6845a8\" data-element_type=\"widget\" data-widget_type=\"text-editor.default\">\n\t\t\t\t<div class=\"elementor-widget-container\">\n\t\t\t\t\t\t\t\t\t<h4>\u00a0<\/h4><h4><strong>FV08 Neuenhain Jahrgang 2011\/2012 in der Kreisliga \u2013 Verst\u00e4rkung gesucht!<\/strong><\/h4><p>Unsere Kreisligamannschaft Jahrgang 2011\/2012 sucht Dich ! Spiel spannende Spiele gegen starke Gegner.<\/p><h5>Jetzt mitmachen \u2013 wir suchen Dich!<br \/>Um in der Kreisliga weiter erfolgreich zu sein, suchen wir noch motivierte Spieler des Jahrgangs 2011\/2012, die Teil unseres ambitionierten Teams werden wollen. Wenn du Lust hast, leistungsorientierten Fu\u00dfball zu spielen, dich sportlich und pers\u00f6nlich weiterzuentwickeln und Teil einer engagierten Gemeinschaft zu sein, dann melde dich bei uns! Wir in Neuenhain haben viel vor !<\/h5><ul><li>Qualifiziertes Trainerteam<\/li><li>Top Trainingsbedingungen<\/li><li>Zusammenhalt und Teamgeist<\/li><li>Spannende Spiele auf hohem Niveau<\/li><\/ul><p><img decoding=\"async\" class=\"emoji\" role=\"img\" draggable=\"false\" src=\"https:\/\/s.w.org\/images\/core\/emoji\/15.1.0\/svg\/1f4c5.svg\" alt=\"\ud83d\udcc5\" \/> Probetrainings sind jederzeit nach Absprache m\u00f6glich!<br \/><img decoding=\"async\" class=\"emoji\" role=\"img\" draggable=\"false\" src=\"https:\/\/s.w.org\/images\/core\/emoji\/15.1.0\/svg\/1f4e7.svg\" alt=\"\ud83d\udce7\" \/> Kontakt: zum Trainerteam des 2011\/2012 Jahrgangs einfach kontakiteren unter <a href=\"mailto:08erjugendleitung@fv08-neuenhain.de\">info@fv08-neuenhain.<\/a>de<br \/><img decoding=\"async\" class=\"emoji\" role=\"img\" draggable=\"false\" src=\"https:\/\/s.w.org\/images\/core\/emoji\/15.1.0\/svg\/1f4cd.svg\" alt=\"\ud83d\udccd\" \/> Ort: Sportplatz FV08 Neuenhain<\/p><p>Werde Teil der FV08-Familie \u2013 wir freuen uns auf Dich!<\/p>\t\t\t\t\t\t\t\t<\/div>\n\t\t\t\t<\/div>\n\t\t\t\t\t<\/div>\n\t\t<\/div>\n\t\t\t\t\t<\/div>\n\t\t<\/section>\n\t\t\t\t<\/div>\n\t\t","protected":false},"excerpt":{"rendered":"<p>&nbsp; FV08 Neuenhain U17 in der Gruppenliga \u2013 Verst\u00e4rkung gesucht! Unsere U17 in der Gruppenliga. Das ist die dritte h\u00f6chste Spielklasse im Jugendfu\u00dfball in Hessen. Diese Spielklasse ist das Ergebnis harter Arbeit, gro\u00dfem Teamgeist und stetiger Weiterentwicklung. Wir sind stolz auf unsere Jungs und freuen uns weiter auf spannende Spiele gegen starke Gegner. Jetzt mitmachen [&hellip;]<\/p>\n","protected":false},"author":10,"featured_media":0,"parent":0,"menu_order":0,"comment_status":"closed","ping_status":"closed","template":"","meta":{"ocean_post_layout":"","ocean_both_sidebars_style":"","ocean_both_sidebars_content_width":0,"ocean_both_sidebars_sidebars_width":0,"ocean_sidebar":"","ocean_second_sidebar":"","ocean_disable_margins":"enable","ocean_add_body_class":"","ocean_shortcode_before_top_bar":"","ocean_shortcode_after_top_bar":"","ocean_shortcode_before_header":"","ocean_shortcode_after_header":"","ocean_has_shortcode":"","ocean_shortcode_after_title":"","ocean_shortcode_before_footer_widgets":"","ocean_shortcode_after_footer_widgets":"","ocean_shortcode_before_footer_bottom":"","ocean_shortcode_after_footer_bottom":"","ocean_display_top_bar":"default","ocean_display_header":"default","ocean_header_style":"","ocean_center_header_left_menu":"","ocean_custom_header_template":"","ocean_custom_logo":0,"ocean_custom_retina_logo":0,"ocean_custom_logo_max_width":0,"ocean_custom_logo_tablet_max_width":0,"ocean_custom_logo_mobile_max_width":0,"ocean_custom_logo_max_height":0,"ocean_custom_logo_tablet_max_height":0,"ocean_custom_logo_mobile_max_height":0,"ocean_header_custom_menu":"","ocean_menu_typo_font_family":"","ocean_menu_typo_font_subset":"","ocean_menu_typo_font_size":0,"ocean_menu_typo_font_size_tablet":0,"ocean_menu_typo_font_size_mobile":0,"ocean_menu_typo_font_size_unit":"px","ocean_menu_typo_font_weight":"","ocean_menu_typo_font_weight_tablet":"","ocean_menu_typo_font_weight_mobile":"","ocean_menu_typo_transform":"","ocean_menu_typo_transform_tablet":"","ocean_menu_typo_transform_mobile":"","ocean_menu_typo_line_height":0,"ocean_menu_typo_line_height_tablet":0,"ocean_menu_typo_line_height_mobile":0,"ocean_menu_typo_line_height_unit":"","ocean_menu_typo_spacing":0,"ocean_menu_typo_spacing_tablet":0,"ocean_menu_typo_spacing_mobile":0,"ocean_menu_typo_spacing_unit":"","ocean_menu_link_color":"","ocean_menu_link_color_hover":"","ocean_menu_link_color_active":"","ocean_menu_link_background":"","ocean_menu_link_hover_background":"","ocean_menu_link_active_background":"","ocean_menu_social_links_bg":"","ocean_menu_social_hover_links_bg":"","ocean_menu_social_links_color":"","ocean_menu_social_hover_links_color":"","ocean_disable_title":"default","ocean_disable_heading":"default","ocean_post_title":"","ocean_post_subheading":"","ocean_post_title_style":"","ocean_post_title_background_color":"","ocean_post_title_background":0,"ocean_post_title_bg_image_position":"","ocean_post_title_bg_image_attachment":"","ocean_post_title_bg_image_repeat":"","ocean_post_title_bg_image_size":"","ocean_post_title_height":0,"ocean_post_title_bg_overlay":0.5,"ocean_post_title_bg_overlay_color":"","ocean_disable_breadcrumbs":"default","ocean_breadcrumbs_color":"","ocean_breadcrumbs_separator_color":"","ocean_breadcrumbs_links_color":"","ocean_breadcrumbs_links_hover_color":"","ocean_display_footer_widgets":"default","ocean_display_footer_bottom":"default","ocean_custom_footer_template":"","footnotes":""},"class_list":["post-2665","page","type-page","status-publish","hentry","entry"],"yoast_head":"<!-- This site is optimized with the Yoast SEO plugin v25.2 - https:\/\/yoast.com\/wordpress\/plugins\/seo\/ -->\n<title>Aktuelles - FV08<\/title>\n<meta name=\"robots\" content=\"index, follow, max-snippet:-1, max-image-preview:large, max-video-preview:-1\" \/>\n<link rel=\"canonical\" href=\"https:\/\/fv08-neuenhain.de\/?page_id=2665\" \/>\n<meta property=\"og:locale\" content=\"de_DE\" \/>\n<meta property=\"og:type\" content=\"article\" \/>\n<meta property=\"og:title\" content=\"Aktuelles - FV08\" \/>\n<meta property=\"og:description\" content=\"&nbsp; FV08 Neuenhain U17 in der Gruppenliga \u2013 Verst\u00e4rkung gesucht! Unsere U17 in der Gruppenliga. Das ist die dritte h\u00f6chste Spielklasse im Jugendfu\u00dfball in Hessen. Diese Spielklasse ist das Ergebnis harter Arbeit, gro\u00dfem Teamgeist und stetiger Weiterentwicklung. Wir sind stolz auf unsere Jungs und freuen uns weiter auf spannende Spiele gegen starke Gegner. Jetzt mitmachen [&hellip;]\" \/>\n<meta property=\"og:url\" content=\"https:\/\/fv08-neuenhain.de\/?page_id=2665\" \/>\n<meta property=\"og:site_name\" content=\"FV08\" \/>\n<meta property=\"article:publisher\" content=\"https:\/\/www.facebook.com\/FV-08-Neuenhain-eV-1600832363530459\/?ref=page_internal\" \/>\n<meta property=\"article:modified_time\" content=\"2025-12-29T19:06:45+00:00\" \/>\n<meta property=\"og:image\" content=\"https:\/\/fv08-neuenhain.de\/wp-content\/uploads\/2025\/04\/U17_Gruppenliga_2025.jpg\" \/>\n\t<meta property=\"og:image:width\" content=\"634\" \/>\n\t<meta property=\"og:image:height\" content=\"896\" \/>\n\t<meta property=\"og:image:type\" content=\"image\/jpeg\" \/>\n<meta name=\"twitter:card\" content=\"summary_large_image\" \/>\n<meta name=\"twitter:label1\" content=\"Gesch\u00e4tzte Lesezeit\" \/>\n\t<meta name=\"twitter:data1\" content=\"4\u00a0Minuten\" \/>\n<script type=\"application\/ld+json\" class=\"yoast-schema-graph\">{\"@context\":\"https:\/\/schema.org\",\"@graph\":[{\"@type\":\"WebPage\",\"@id\":\"https:\/\/fv08-neuenhain.de\/?page_id=2665\",\"url\":\"https:\/\/fv08-neuenhain.de\/?page_id=2665\",\"name\":\"Aktuelles - FV08\",\"isPartOf\":{\"@id\":\"https:\/\/fv08-neuenhain.de\/#website\"},\"primaryImageOfPage\":{\"@id\":\"https:\/\/fv08-neuenhain.de\/?page_id=2665#primaryimage\"},\"image\":{\"@id\":\"https:\/\/fv08-neuenhain.de\/?page_id=2665#primaryimage\"},\"thumbnailUrl\":\"http:\/\/fv08-neuenhain.de\/wp-content\/uploads\/2025\/04\/U17_Gruppenliga_2025.jpg\",\"datePublished\":\"2025-12-29T18:46:33+00:00\",\"dateModified\":\"2025-12-29T19:06:45+00:00\",\"breadcrumb\":{\"@id\":\"https:\/\/fv08-neuenhain.de\/?page_id=2665#breadcrumb\"},\"inLanguage\":\"de\",\"potentialAction\":[{\"@type\":\"ReadAction\",\"target\":[\"https:\/\/fv08-neuenhain.de\/?page_id=2665\"]}]},{\"@type\":\"ImageObject\",\"inLanguage\":\"de\",\"@id\":\"https:\/\/fv08-neuenhain.de\/?page_id=2665#primaryimage\",\"url\":\"https:\/\/fv08-neuenhain.de\/wp-content\/uploads\/2025\/04\/U17_Gruppenliga_2025.jpg\",\"contentUrl\":\"https:\/\/fv08-neuenhain.de\/wp-content\/uploads\/2025\/04\/U17_Gruppenliga_2025.jpg\",\"width\":634,\"height\":896,\"caption\":\"U17_Gruppenliga_2025\"},{\"@type\":\"BreadcrumbList\",\"@id\":\"https:\/\/fv08-neuenhain.de\/?page_id=2665#breadcrumb\",\"itemListElement\":[{\"@type\":\"ListItem\",\"position\":1,\"name\":\"Startseite\",\"item\":\"https:\/\/fv08-neuenhain.de\/\"},{\"@type\":\"ListItem\",\"position\":2,\"name\":\"Aktuelles\"}]},{\"@type\":\"WebSite\",\"@id\":\"https:\/\/fv08-neuenhain.de\/#website\",\"url\":\"https:\/\/fv08-neuenhain.de\/\",\"name\":\"FV08\",\"description\":\"Eine weitere WordPress-Seite\",\"publisher\":{\"@id\":\"https:\/\/fv08-neuenhain.de\/#organization\"},\"potentialAction\":[{\"@type\":\"SearchAction\",\"target\":{\"@type\":\"EntryPoint\",\"urlTemplate\":\"https:\/\/fv08-neuenhain.de\/?s={search_term_string}\"},\"query-input\":{\"@type\":\"PropertyValueSpecification\",\"valueRequired\":true,\"valueName\":\"search_term_string\"}}],\"inLanguage\":\"de\"},{\"@type\":\"Organization\",\"@id\":\"https:\/\/fv08-neuenhain.de\/#organization\",\"name\":\"FV08 Neuenhain\",\"url\":\"https:\/\/fv08-neuenhain.de\/\",\"logo\":{\"@type\":\"ImageObject\",\"inLanguage\":\"de\",\"@id\":\"https:\/\/fv08-neuenhain.de\/#\/schema\/logo\/image\/\",\"url\":\"https:\/\/fv08-neuenhain.de\/wp-content\/uploads\/2020\/04\/FV08-Logo1.png\",\"contentUrl\":\"https:\/\/fv08-neuenhain.de\/wp-content\/uploads\/2020\/04\/FV08-Logo1.png\",\"width\":168,\"height\":200,\"caption\":\"FV08 Neuenhain\"},\"image\":{\"@id\":\"https:\/\/fv08-neuenhain.de\/#\/schema\/logo\/image\/\"},\"sameAs\":[\"https:\/\/www.facebook.com\/FV-08-Neuenhain-eV-1600832363530459\/?ref=page_internal\"]}]}<\/script>\n<!-- \/ Yoast SEO plugin. -->","yoast_head_json":{"title":"Aktuelles - FV08","robots":{"index":"index","follow":"follow","max-snippet":"max-snippet:-1","max-image-preview":"max-image-preview:large","max-video-preview":"max-video-preview:-1"},"canonical":"https:\/\/fv08-neuenhain.de\/?page_id=2665","og_locale":"de_DE","og_type":"article","og_title":"Aktuelles - FV08","og_description":"&nbsp; FV08 Neuenhain U17 in der Gruppenliga \u2013 Verst\u00e4rkung gesucht! Unsere U17 in der Gruppenliga. Das ist die dritte h\u00f6chste Spielklasse im Jugendfu\u00dfball in Hessen. Diese Spielklasse ist das Ergebnis harter Arbeit, gro\u00dfem Teamgeist und stetiger Weiterentwicklung. Wir sind stolz auf unsere Jungs und freuen uns weiter auf spannende Spiele gegen starke Gegner. Jetzt mitmachen [&hellip;]","og_url":"https:\/\/fv08-neuenhain.de\/?page_id=2665","og_site_name":"FV08","article_publisher":"https:\/\/www.facebook.com\/FV-08-Neuenhain-eV-1600832363530459\/?ref=page_internal","article_modified_time":"2025-12-29T19:06:45+00:00","og_image":[{"width":634,"height":896,"url":"https:\/\/fv08-neuenhain.de\/wp-content\/uploads\/2025\/04\/U17_Gruppenliga_2025.jpg","type":"image\/jpeg"}],"twitter_card":"summary_large_image","twitter_misc":{"Gesch\u00e4tzte Lesezeit":"4\u00a0Minuten"},"schema":{"@context":"https:\/\/schema.org","@graph":[{"@type":"WebPage","@id":"https:\/\/fv08-neuenhain.de\/?page_id=2665","url":"https:\/\/fv08-neuenhain.de\/?page_id=2665","name":"Aktuelles - FV08","isPartOf":{"@id":"https:\/\/fv08-neuenhain.de\/#website"},"primaryImageOfPage":{"@id":"https:\/\/fv08-neuenhain.de\/?page_id=2665#primaryimage"},"image":{"@id":"https:\/\/fv08-neuenhain.de\/?page_id=2665#primaryimage"},"thumbnailUrl":"http:\/\/fv08-neuenhain.de\/wp-content\/uploads\/2025\/04\/U17_Gruppenliga_2025.jpg","datePublished":"2025-12-29T18:46:33+00:00","dateModified":"2025-12-29T19:06:45+00:00","breadcrumb":{"@id":"https:\/\/fv08-neuenhain.de\/?page_id=2665#breadcrumb"},"inLanguage":"de","potentialAction":[{"@type":"ReadAction","target":["https:\/\/fv08-neuenhain.de\/?page_id=2665"]}]},{"@type":"ImageObject","inLanguage":"de","@id":"https:\/\/fv08-neuenhain.de\/?page_id=2665#primaryimage","url":"https:\/\/fv08-neuenhain.de\/wp-content\/uploads\/2025\/04\/U17_Gruppenliga_2025.jpg","contentUrl":"https:\/\/fv08-neuenhain.de\/wp-content\/uploads\/2025\/04\/U17_Gruppenliga_2025.jpg","width":634,"height":896,"caption":"U17_Gruppenliga_2025"},{"@type":"BreadcrumbList","@id":"https:\/\/fv08-neuenhain.de\/?page_id=2665#breadcrumb","itemListElement":[{"@type":"ListItem","position":1,"name":"Startseite","item":"https:\/\/fv08-neuenhain.de\/"},{"@type":"ListItem","position":2,"name":"Aktuelles"}]},{"@type":"WebSite","@id":"https:\/\/fv08-neuenhain.de\/#website","url":"https:\/\/fv08-neuenhain.de\/","name":"FV08","description":"Eine weitere WordPress-Seite","publisher":{"@id":"https:\/\/fv08-neuenhain.de\/#organization"},"potentialAction":[{"@type":"SearchAction","target":{"@type":"EntryPoint","urlTemplate":"https:\/\/fv08-neuenhain.de\/?s={search_term_string}"},"query-input":{"@type":"PropertyValueSpecification","valueRequired":true,"valueName":"search_term_string"}}],"inLanguage":"de"},{"@type":"Organization","@id":"https:\/\/fv08-neuenhain.de\/#organization","name":"FV08 Neuenhain","url":"https:\/\/fv08-neuenhain.de\/","logo":{"@type":"ImageObject","inLanguage":"de","@id":"https:\/\/fv08-neuenhain.de\/#\/schema\/logo\/image\/","url":"https:\/\/fv08-neuenhain.de\/wp-content\/uploads\/2020\/04\/FV08-Logo1.png","contentUrl":"https:\/\/fv08-neuenhain.de\/wp-content\/uploads\/2020\/04\/FV08-Logo1.png","width":168,"height":200,"caption":"FV08 Neuenhain"},"image":{"@id":"https:\/\/fv08-neuenhain.de\/#\/schema\/logo\/image\/"},"sameAs":["https:\/\/www.facebook.com\/FV-08-Neuenhain-eV-1600832363530459\/?ref=page_internal"]}]}},"_links":{"self":[{"href":"https:\/\/fv08-neuenhain.de\/index.php?rest_route=\/wp\/v2\/pages\/2665","targetHints":{"allow":["GET"]}}],"collection":[{"href":"https:\/\/fv08-neuenhain.de\/index.php?rest_route=\/wp\/v2\/pages"}],"about":[{"href":"https:\/\/fv08-neuenhain.de\/index.php?rest_route=\/wp\/v2\/types\/page"}],"author":[{"embeddable":true,"href":"https:\/\/fv08-neuenhain.de\/index.php?rest_route=\/wp\/v2\/users\/10"}],"replies":[{"embeddable":true,"href":"https:\/\/fv08-neuenhain.de\/index.php?rest_route=%2Fwp%2Fv2%2Fcomments&post=2665"}],"version-history":[{"count":5,"href":"https:\/\/fv08-neuenhain.de\/index.php?rest_route=\/wp\/v2\/pages\/2665\/revisions"}],"predecessor-version":[{"id":2681,"href":"https:\/\/fv08-neuenhain.de\/index.php?rest_route=\/wp\/v2\/pages\/2665\/revisions\/2681"}],"wp:attachment":[{"href":"https:\/\/fv08-neuenhain.de\/index.php?rest_route=%2Fwp%2Fv2%2Fmedia&parent=2665"}],"curies":[{"name":"wp","href":"https:\/\/api.w.org\/{rel}","templated":true}]}}