{"id":77,"date":"2020-03-13T19:41:59","date_gmt":"2020-03-13T17:41:59","guid":{"rendered":"http:\/\/fv08-neuenhain.de\/?page_id=77"},"modified":"2026-01-16T22:47:19","modified_gmt":"2026-01-16T20:47:19","slug":"unser-verein","status":"publish","type":"page","link":"https:\/\/fv08-neuenhain.de\/?page_id=77","title":{"rendered":"Unser Verein"},"content":{"rendered":"\t\t<div data-elementor-type=\"wp-page\" data-elementor-id=\"77\" class=\"elementor elementor-77\">\n\t\t\t\t\t\t<section class=\"elementor-section elementor-top-section elementor-element elementor-element-569243a elementor-section-boxed elementor-section-height-default elementor-section-height-default\" data-id=\"569243a\" data-element_type=\"section\">\n\t\t\t\t\t\t<div class=\"elementor-container elementor-column-gap-default\">\n\t\t\t\t\t<div class=\"elementor-column elementor-col-25 elementor-top-column elementor-element elementor-element-c25dcb6\" data-id=\"c25dcb6\" data-element_type=\"column\">\n\t\t\t<div class=\"elementor-widget-wrap elementor-element-populated\">\n\t\t\t\t\t\t<div class=\"elementor-element elementor-element-e145d43 elementor-widget elementor-widget-text-editor\" data-id=\"e145d43\" data-element_type=\"widget\" data-widget_type=\"text-editor.default\">\n\t\t\t\t<div class=\"elementor-widget-container\">\n\t\t\t\t\t\t\t\t\t<blockquote><h3 style=\"text-align: left;\"><span style=\"color: #333300;\">&#8222;Jugend-f\u00f6rderung durch kompetente Trainer und Trainings-methoden&#8220;<\/span><\/h3><\/blockquote>\t\t\t\t\t\t\t\t<\/div>\n\t\t\t\t<\/div>\n\t\t\t\t\t<\/div>\n\t\t<\/div>\n\t\t\t\t<div class=\"elementor-column elementor-col-50 elementor-top-column elementor-element elementor-element-1755a50\" data-id=\"1755a50\" data-element_type=\"column\">\n\t\t\t<div class=\"elementor-widget-wrap elementor-element-populated\">\n\t\t\t\t\t\t<div class=\"elementor-element elementor-element-69ed465 elementor-widget elementor-widget-text-editor\" data-id=\"69ed465\" data-element_type=\"widget\" data-widget_type=\"text-editor.default\">\n\t\t\t\t<div class=\"elementor-widget-container\">\n\t\t\t\t\t\t\t\t\t<p><em><strong>FV 08 Neuenhain &#8211; Dein Verein<\/strong><\/em><\/p><p><em>Der FV 08 Neuenhain ist seit nunmehr \u00fcber\u00a0<strong>100 Jahren<\/strong>\u00a0fester Bestandteil des Vereinslebens in\u00a0<strong>Neuenhain.<\/strong><br \/><\/em><br \/><em>Unsere gro\u00dfe Fu\u00dfballfamilie vereint mit den Bereichen\u00a0<strong>Jugend<\/strong>,\u00a0<strong>Senioren<\/strong>\u00a0und\u00a0unseren<strong> Classics<\/strong>\u00a0drei Abteilungen unter einem Dach. Die Philosophie des FV 08 Neuenhain basiert zu einem Gro\u00dfteil auf der Jugendarbeit des Vereins. Das Ziel ist es, mittelfristig die beiden Seniorenmannschaften so aufzubauen, dass sie haupts\u00e4chlich aus \u201eNeuenhainer Eigengew\u00e4chsen\u201c bestehen und sich aus der eigenen Jugend laufend verst\u00e4rken.<\/em><\/p><p><em>Ein von uns erarbeitetes\u00a0<strong>Jugendkonzept<\/strong>\u00a0soll dauerhaft zum Gelingen dieses Ziels beitragen. Wir wollen erreichen, dass alle unsere Trainer mit der gleichen Spielauffassung an unserem gemeinsamen Ziel arbeiten. Im Mittelpunkt unserer Auffassung steht das ballorientierte Spiel. Im Gegensatz zu mann- und gegnerorientierten Philosophien wird dabei von allen Spielern eine st\u00e4ndige Mitspiel- und Angriffsbereitschaft erwartet.<\/em><\/p><p><em>Dieses\u00a0<strong>Jugendkonzept<\/strong>\u00a0soll die Spielsysteme in unserem Verein vereinheitlichen und den Trainern einen Rahmentrainingsplan in die Hand geben, an dem sie die altersgem\u00e4\u00dfen Ziele der Ausbildung ablesen k\u00f6nnen. Das Ziel unserer Jugendarbeit wird darauf ausgerichtet sein, einen Spieler bestm\u00f6glich auszubilden und f\u00fcr den\u00a0Herrenbereich zu qualifizieren.<\/em><\/p><p><em>Die\u00a0<strong>1. Seniorenmannschaft<\/strong>\u00a0ist das Aush\u00e4ngeschild des Vereins und soll von der Jugendarbeit profitieren k\u00f6nnen.<\/em><\/p><p><em><strong>Es gilt generell zu beachten, dass der FV 08 Neuenhain auch ein Breitensportverein ist.<\/strong><\/em><\/p><p><em>Der Spa\u00dffaktor steht bei der Arbeit mit den Kindern und Jugendlichen klar im Vordergrund. Doch wir sind der Meinung, dass sich der Spa\u00df- und der Leistungsgedanke gut miteinander verbinden lassen. \u00dcber den sportlichen Rahmen hinaus ist sich der Verein bewusst, dass er auch eine soziale Verantwortung tr\u00e4gt.<\/em><\/p><p><em>Der Verein sieht seine Aufgabe nicht nur darin, unseren Kindern die M\u00f6glichkeit zu bieten,\u00a0<strong>mit Freude und Erfolg<\/strong>\u00a0Fu\u00dfball zu spielen und einen reibungslosen Spielbetrieb zu organisieren, sondern sie zugleich auf dem Wege des Mannschaftssports mit dem Gedanken von\u00a0<strong>Integration, Respekt, Toleranz, Fairplay, Teamgeist und den Verein als \u201eHeimat\u201c zu sehen<\/strong>\u00a0vertraut zu machen.<\/em><\/p><p><em style=\"font-size: 14px;\">In den Seniorenmannschaften arbeiten wir mit\u00a0<strong>professionellen Mitteln,<\/strong>\u00a0um uns mittelfristig in h\u00f6heren Spielklassen zu etablieren. Auch dort binden wir uns mit Spielern, die die Werte eines Sportvereins leben und vermitteln.<\/em><\/p>\t\t\t\t\t\t\t\t<\/div>\n\t\t\t\t<\/div>\n\t\t\t\t\t<\/div>\n\t\t<\/div>\n\t\t\t\t<div class=\"elementor-column elementor-col-25 elementor-top-column elementor-element elementor-element-a63096e\" data-id=\"a63096e\" data-element_type=\"column\">\n\t\t\t<div class=\"elementor-widget-wrap\">\n\t\t\t\t\t\t\t<\/div>\n\t\t<\/div>\n\t\t\t\t\t<\/div>\n\t\t<\/section>\n\t\t\t\t<\/div>\n\t\t","protected":false},"excerpt":{"rendered":"<p>&#8222;Jugend-f\u00f6rderung durch kompetente Trainer und Trainings-methoden&#8220; FV 08 Neuenhain &#8211; Dein Verein Der FV 08 Neuenhain ist seit nunmehr \u00fcber\u00a0100 Jahren\u00a0fester Bestandteil des Vereinslebens in\u00a0Neuenhain.Unsere gro\u00dfe Fu\u00dfballfamilie vereint mit den Bereichen\u00a0Jugend,\u00a0Senioren\u00a0und\u00a0unseren Classics\u00a0drei Abteilungen unter einem Dach. Die Philosophie des FV 08 Neuenhain basiert zu einem Gro\u00dfteil auf der Jugendarbeit des Vereins. Das Ziel ist es, [&hellip;]<\/p>\n","protected":false},"author":1,"featured_media":0,"parent":0,"menu_order":0,"comment_status":"closed","ping_status":"closed","template":"elementor_header_footer","meta":{"ocean_post_layout":"full-width","ocean_both_sidebars_style":"","ocean_both_sidebars_content_width":0,"ocean_both_sidebars_sidebars_width":0,"ocean_sidebar":"0","ocean_second_sidebar":"0","ocean_disable_margins":"enable","ocean_add_body_class":"","ocean_shortcode_before_top_bar":"","ocean_shortcode_after_top_bar":"","ocean_shortcode_before_header":"","ocean_shortcode_after_header":"","ocean_has_shortcode":"","ocean_shortcode_after_title":"","ocean_shortcode_before_footer_widgets":"","ocean_shortcode_after_footer_widgets":"","ocean_shortcode_before_footer_bottom":"","ocean_shortcode_after_footer_bottom":"","ocean_display_top_bar":"default","ocean_display_header":"default","ocean_header_style":"","ocean_center_header_left_menu":"0","ocean_custom_header_template":"0","ocean_custom_logo":0,"ocean_custom_retina_logo":0,"ocean_custom_logo_max_width":0,"ocean_custom_logo_tablet_max_width":0,"ocean_custom_logo_mobile_max_width":0,"ocean_custom_logo_max_height":0,"ocean_custom_logo_tablet_max_height":0,"ocean_custom_logo_mobile_max_height":0,"ocean_header_custom_menu":"0","ocean_menu_typo_font_family":"0","ocean_menu_typo_font_subset":"","ocean_menu_typo_font_size":0,"ocean_menu_typo_font_size_tablet":0,"ocean_menu_typo_font_size_mobile":0,"ocean_menu_typo_font_size_unit":"px","ocean_menu_typo_font_weight":"","ocean_menu_typo_font_weight_tablet":"","ocean_menu_typo_font_weight_mobile":"","ocean_menu_typo_transform":"","ocean_menu_typo_transform_tablet":"","ocean_menu_typo_transform_mobile":"","ocean_menu_typo_line_height":0,"ocean_menu_typo_line_height_tablet":0,"ocean_menu_typo_line_height_mobile":0,"ocean_menu_typo_line_height_unit":"","ocean_menu_typo_spacing":0,"ocean_menu_typo_spacing_tablet":0,"ocean_menu_typo_spacing_mobile":0,"ocean_menu_typo_spacing_unit":"","ocean_menu_link_color":"","ocean_menu_link_color_hover":"","ocean_menu_link_color_active":"","ocean_menu_link_background":"","ocean_menu_link_hover_background":"","ocean_menu_link_active_background":"","ocean_menu_social_links_bg":"","ocean_menu_social_hover_links_bg":"","ocean_menu_social_links_color":"","ocean_menu_social_hover_links_color":"","ocean_disable_title":"default","ocean_disable_heading":"default","ocean_post_title":"","ocean_post_subheading":"","ocean_post_title_style":"","ocean_post_title_background_color":"","ocean_post_title_background":0,"ocean_post_title_bg_image_position":"","ocean_post_title_bg_image_attachment":"","ocean_post_title_bg_image_repeat":"","ocean_post_title_bg_image_size":"","ocean_post_title_height":0,"ocean_post_title_bg_overlay":0.5,"ocean_post_title_bg_overlay_color":"","ocean_disable_breadcrumbs":"default","ocean_breadcrumbs_color":"","ocean_breadcrumbs_separator_color":"","ocean_breadcrumbs_links_color":"","ocean_breadcrumbs_links_hover_color":"","ocean_display_footer_widgets":"default","ocean_display_footer_bottom":"default","ocean_custom_footer_template":"0","footnotes":""},"class_list":["post-77","page","type-page","status-publish","hentry","entry"],"yoast_head":"<!-- This site is optimized with the Yoast SEO plugin v25.2 - https:\/\/yoast.com\/wordpress\/plugins\/seo\/ -->\n<title>Unser Verein - FV08<\/title>\n<meta name=\"robots\" content=\"index, follow, max-snippet:-1, max-image-preview:large, max-video-preview:-1\" \/>\n<link rel=\"canonical\" href=\"https:\/\/fv08-neuenhain.de\/?page_id=77\" \/>\n<meta property=\"og:locale\" content=\"de_DE\" \/>\n<meta property=\"og:type\" content=\"article\" \/>\n<meta property=\"og:title\" content=\"Unser Verein - FV08\" \/>\n<meta property=\"og:description\" content=\"&#8222;Jugend-f\u00f6rderung durch kompetente Trainer und Trainings-methoden&#8220; FV 08 Neuenhain &#8211; Dein Verein Der FV 08 Neuenhain ist seit nunmehr \u00fcber\u00a0100 Jahren\u00a0fester Bestandteil des Vereinslebens in\u00a0Neuenhain.Unsere gro\u00dfe Fu\u00dfballfamilie vereint mit den Bereichen\u00a0Jugend,\u00a0Senioren\u00a0und\u00a0unseren Classics\u00a0drei Abteilungen unter einem Dach. Die Philosophie des FV 08 Neuenhain basiert zu einem Gro\u00dfteil auf der Jugendarbeit des Vereins. Das Ziel ist es, [&hellip;]\" \/>\n<meta property=\"og:url\" content=\"https:\/\/fv08-neuenhain.de\/?page_id=77\" \/>\n<meta property=\"og:site_name\" content=\"FV08\" \/>\n<meta property=\"article:publisher\" content=\"https:\/\/www.facebook.com\/FV-08-Neuenhain-eV-1600832363530459\/?ref=page_internal\" \/>\n<meta property=\"article:modified_time\" content=\"2026-01-16T20:47:19+00:00\" \/>\n<meta name=\"twitter:card\" content=\"summary_large_image\" \/>\n<meta name=\"twitter:label1\" content=\"Gesch\u00e4tzte Lesezeit\" \/>\n\t<meta name=\"twitter:data1\" content=\"2\u00a0Minuten\" \/>\n<script type=\"application\/ld+json\" class=\"yoast-schema-graph\">{\"@context\":\"https:\/\/schema.org\",\"@graph\":[{\"@type\":\"WebPage\",\"@id\":\"https:\/\/fv08-neuenhain.de\/?page_id=77\",\"url\":\"https:\/\/fv08-neuenhain.de\/?page_id=77\",\"name\":\"Unser Verein - FV08\",\"isPartOf\":{\"@id\":\"https:\/\/fv08-neuenhain.de\/#website\"},\"datePublished\":\"2020-03-13T17:41:59+00:00\",\"dateModified\":\"2026-01-16T20:47:19+00:00\",\"breadcrumb\":{\"@id\":\"https:\/\/fv08-neuenhain.de\/?page_id=77#breadcrumb\"},\"inLanguage\":\"de\",\"potentialAction\":[{\"@type\":\"ReadAction\",\"target\":[\"https:\/\/fv08-neuenhain.de\/?page_id=77\"]}]},{\"@type\":\"BreadcrumbList\",\"@id\":\"https:\/\/fv08-neuenhain.de\/?page_id=77#breadcrumb\",\"itemListElement\":[{\"@type\":\"ListItem\",\"position\":1,\"name\":\"Startseite\",\"item\":\"https:\/\/fv08-neuenhain.de\/\"},{\"@type\":\"ListItem\",\"position\":2,\"name\":\"Unser Verein\"}]},{\"@type\":\"WebSite\",\"@id\":\"https:\/\/fv08-neuenhain.de\/#website\",\"url\":\"https:\/\/fv08-neuenhain.de\/\",\"name\":\"FV08\",\"description\":\"Eine weitere WordPress-Seite\",\"publisher\":{\"@id\":\"https:\/\/fv08-neuenhain.de\/#organization\"},\"potentialAction\":[{\"@type\":\"SearchAction\",\"target\":{\"@type\":\"EntryPoint\",\"urlTemplate\":\"https:\/\/fv08-neuenhain.de\/?s={search_term_string}\"},\"query-input\":{\"@type\":\"PropertyValueSpecification\",\"valueRequired\":true,\"valueName\":\"search_term_string\"}}],\"inLanguage\":\"de\"},{\"@type\":\"Organization\",\"@id\":\"https:\/\/fv08-neuenhain.de\/#organization\",\"name\":\"FV08 Neuenhain\",\"url\":\"https:\/\/fv08-neuenhain.de\/\",\"logo\":{\"@type\":\"ImageObject\",\"inLanguage\":\"de\",\"@id\":\"https:\/\/fv08-neuenhain.de\/#\/schema\/logo\/image\/\",\"url\":\"https:\/\/fv08-neuenhain.de\/wp-content\/uploads\/2020\/04\/FV08-Logo1.png\",\"contentUrl\":\"https:\/\/fv08-neuenhain.de\/wp-content\/uploads\/2020\/04\/FV08-Logo1.png\",\"width\":168,\"height\":200,\"caption\":\"FV08 Neuenhain\"},\"image\":{\"@id\":\"https:\/\/fv08-neuenhain.de\/#\/schema\/logo\/image\/\"},\"sameAs\":[\"https:\/\/www.facebook.com\/FV-08-Neuenhain-eV-1600832363530459\/?ref=page_internal\"]}]}<\/script>\n<!-- \/ Yoast SEO plugin. -->","yoast_head_json":{"title":"Unser Verein - FV08","robots":{"index":"index","follow":"follow","max-snippet":"max-snippet:-1","max-image-preview":"max-image-preview:large","max-video-preview":"max-video-preview:-1"},"canonical":"https:\/\/fv08-neuenhain.de\/?page_id=77","og_locale":"de_DE","og_type":"article","og_title":"Unser Verein - FV08","og_description":"&#8222;Jugend-f\u00f6rderung durch kompetente Trainer und Trainings-methoden&#8220; FV 08 Neuenhain &#8211; Dein Verein Der FV 08 Neuenhain ist seit nunmehr \u00fcber\u00a0100 Jahren\u00a0fester Bestandteil des Vereinslebens in\u00a0Neuenhain.Unsere gro\u00dfe Fu\u00dfballfamilie vereint mit den Bereichen\u00a0Jugend,\u00a0Senioren\u00a0und\u00a0unseren Classics\u00a0drei Abteilungen unter einem Dach. Die Philosophie des FV 08 Neuenhain basiert zu einem Gro\u00dfteil auf der Jugendarbeit des Vereins. Das Ziel ist es, [&hellip;]","og_url":"https:\/\/fv08-neuenhain.de\/?page_id=77","og_site_name":"FV08","article_publisher":"https:\/\/www.facebook.com\/FV-08-Neuenhain-eV-1600832363530459\/?ref=page_internal","article_modified_time":"2026-01-16T20:47:19+00:00","twitter_card":"summary_large_image","twitter_misc":{"Gesch\u00e4tzte Lesezeit":"2\u00a0Minuten"},"schema":{"@context":"https:\/\/schema.org","@graph":[{"@type":"WebPage","@id":"https:\/\/fv08-neuenhain.de\/?page_id=77","url":"https:\/\/fv08-neuenhain.de\/?page_id=77","name":"Unser Verein - FV08","isPartOf":{"@id":"https:\/\/fv08-neuenhain.de\/#website"},"datePublished":"2020-03-13T17:41:59+00:00","dateModified":"2026-01-16T20:47:19+00:00","breadcrumb":{"@id":"https:\/\/fv08-neuenhain.de\/?page_id=77#breadcrumb"},"inLanguage":"de","potentialAction":[{"@type":"ReadAction","target":["https:\/\/fv08-neuenhain.de\/?page_id=77"]}]},{"@type":"BreadcrumbList","@id":"https:\/\/fv08-neuenhain.de\/?page_id=77#breadcrumb","itemListElement":[{"@type":"ListItem","position":1,"name":"Startseite","item":"https:\/\/fv08-neuenhain.de\/"},{"@type":"ListItem","position":2,"name":"Unser Verein"}]},{"@type":"WebSite","@id":"https:\/\/fv08-neuenhain.de\/#website","url":"https:\/\/fv08-neuenhain.de\/","name":"FV08","description":"Eine weitere WordPress-Seite","publisher":{"@id":"https:\/\/fv08-neuenhain.de\/#organization"},"potentialAction":[{"@type":"SearchAction","target":{"@type":"EntryPoint","urlTemplate":"https:\/\/fv08-neuenhain.de\/?s={search_term_string}"},"query-input":{"@type":"PropertyValueSpecification","valueRequired":true,"valueName":"search_term_string"}}],"inLanguage":"de"},{"@type":"Organization","@id":"https:\/\/fv08-neuenhain.de\/#organization","name":"FV08 Neuenhain","url":"https:\/\/fv08-neuenhain.de\/","logo":{"@type":"ImageObject","inLanguage":"de","@id":"https:\/\/fv08-neuenhain.de\/#\/schema\/logo\/image\/","url":"https:\/\/fv08-neuenhain.de\/wp-content\/uploads\/2020\/04\/FV08-Logo1.png","contentUrl":"https:\/\/fv08-neuenhain.de\/wp-content\/uploads\/2020\/04\/FV08-Logo1.png","width":168,"height":200,"caption":"FV08 Neuenhain"},"image":{"@id":"https:\/\/fv08-neuenhain.de\/#\/schema\/logo\/image\/"},"sameAs":["https:\/\/www.facebook.com\/FV-08-Neuenhain-eV-1600832363530459\/?ref=page_internal"]}]}},"_links":{"self":[{"href":"https:\/\/fv08-neuenhain.de\/index.php?rest_route=\/wp\/v2\/pages\/77","targetHints":{"allow":["GET"]}}],"collection":[{"href":"https:\/\/fv08-neuenhain.de\/index.php?rest_route=\/wp\/v2\/pages"}],"about":[{"href":"https:\/\/fv08-neuenhain.de\/index.php?rest_route=\/wp\/v2\/types\/page"}],"author":[{"embeddable":true,"href":"https:\/\/fv08-neuenhain.de\/index.php?rest_route=\/wp\/v2\/users\/1"}],"replies":[{"embeddable":true,"href":"https:\/\/fv08-neuenhain.de\/index.php?rest_route=%2Fwp%2Fv2%2Fcomments&post=77"}],"version-history":[{"count":53,"href":"https:\/\/fv08-neuenhain.de\/index.php?rest_route=\/wp\/v2\/pages\/77\/revisions"}],"predecessor-version":[{"id":3046,"href":"https:\/\/fv08-neuenhain.de\/index.php?rest_route=\/wp\/v2\/pages\/77\/revisions\/3046"}],"wp:attachment":[{"href":"https:\/\/fv08-neuenhain.de\/index.php?rest_route=%2Fwp%2Fv2%2Fmedia&parent=77"}],"curies":[{"name":"wp","href":"https:\/\/api.w.org\/{rel}","templated":true}]}}