{"id":85,"date":"2020-03-13T19:51:29","date_gmt":"2020-03-13T17:51:29","guid":{"rendered":"http:\/\/fv08-neuenhain.de\/?page_id=85"},"modified":"2025-06-09T16:28:31","modified_gmt":"2025-06-09T14:28:31","slug":"impressum","status":"publish","type":"page","link":"https:\/\/fv08-neuenhain.de\/?page_id=85","title":{"rendered":"Impressum"},"content":{"rendered":"\t\t<div data-elementor-type=\"wp-page\" data-elementor-id=\"85\" class=\"elementor elementor-85\">\n\t\t\t\t\t\t<section class=\"elementor-section elementor-top-section elementor-element elementor-element-c6b9578 elementor-section-boxed elementor-section-height-default elementor-section-height-default\" data-id=\"c6b9578\" data-element_type=\"section\">\n\t\t\t\t\t\t<div class=\"elementor-container elementor-column-gap-default\">\n\t\t\t\t\t<div class=\"elementor-column elementor-col-33 elementor-top-column elementor-element elementor-element-3f2cc4f\" data-id=\"3f2cc4f\" data-element_type=\"column\">\n\t\t\t<div class=\"elementor-widget-wrap elementor-element-populated\">\n\t\t\t\t\t\t<div class=\"elementor-element elementor-element-ef9831d elementor-widget elementor-widget-text-editor\" data-id=\"ef9831d\" data-element_type=\"widget\" data-widget_type=\"text-editor.default\">\n\t\t\t\t<div class=\"elementor-widget-container\">\n\t\t\t\t\t\t\t\t\t<p><strong>Betreiber dieser Website ist der<\/strong><\/p><p style=\"font-size: 12px;\">Fu\u00dfballverein 08 Neuenhain e.V. <br \/>Postfach 1102<br \/>65796 Bad Soden a. Ts.<br \/>email: <span style=\"color: #3366ff;\"><a style=\"color: #3366ff;\" href=\"mailto:08ervorstand@fv08-neuenhain.de\">08ervorstand@fv08-neuenhain.de<\/a><\/span><\/p>\t\t\t\t\t\t\t\t<\/div>\n\t\t\t\t<\/div>\n\t\t\t\t\t<\/div>\n\t\t<\/div>\n\t\t\t\t<div class=\"elementor-column elementor-col-33 elementor-top-column elementor-element elementor-element-cf52f86\" data-id=\"cf52f86\" data-element_type=\"column\">\n\t\t\t<div class=\"elementor-widget-wrap elementor-element-populated\">\n\t\t\t\t\t\t<div class=\"elementor-element elementor-element-03bceef elementor-widget elementor-widget-text-editor\" data-id=\"03bceef\" data-element_type=\"widget\" data-widget_type=\"text-editor.default\">\n\t\t\t\t<div class=\"elementor-widget-container\">\n\t\t\t\t\t\t\t\t\t<p><strong>Vertreten durch<\/strong><\/p><p style=\"font-size: 12px;\">Rainer Kunz, Dag Wombacher, Christian Altvater, Eric Elzenheimer,<\/p><p style=\"font-size: 12px;\">einzeln vertretungsberechtigt<\/p>\t\t\t\t\t\t\t\t<\/div>\n\t\t\t\t<\/div>\n\t\t\t\t\t<\/div>\n\t\t<\/div>\n\t\t\t\t<div class=\"elementor-column elementor-col-33 elementor-top-column elementor-element elementor-element-93e6bec\" data-id=\"93e6bec\" data-element_type=\"column\">\n\t\t\t<div class=\"elementor-widget-wrap elementor-element-populated\">\n\t\t\t\t\t\t<div class=\"elementor-element elementor-element-d4fc967 elementor-widget elementor-widget-text-editor\" data-id=\"d4fc967\" data-element_type=\"widget\" data-widget_type=\"text-editor.default\">\n\t\t\t\t<div class=\"elementor-widget-container\">\n\t\t\t\t\t\t\t\t\t<p><strong>Vereinsregistereintrag<\/strong><\/p><p style=\"font-size: 12px;\">Eintragung im Registergericht: Amtsgericht K\u00f6nigstein<br \/>Registernummer: 309<br \/>Umsatzsteuer-Identifikationsnummer gem. \u00a7 27a UStG:<br \/>USt-ID: 462 500 6242<br \/>Verantwortlich f\u00fcr journalistisch-redaktionelle Inhalte gem. \u00a7 55 Abs. 2 RStV<br \/>Rainer Kunz<br \/>Sauerbrunnenweg 1,65812 Bad Soden a. Ts.<br \/>email: <span style=\"color: #3366ff;\"><a style=\"color: #3366ff;\" href=\"mailto:08ervorstand@fv08-neuenhain.de\">08ervorstand@fv08-neuenhain.de<\/a><\/span><\/p>\t\t\t\t\t\t\t\t<\/div>\n\t\t\t\t<\/div>\n\t\t\t\t\t<\/div>\n\t\t<\/div>\n\t\t\t\t\t<\/div>\n\t\t<\/section>\n\t\t\t\t<section class=\"elementor-section elementor-top-section elementor-element elementor-element-30ad747 elementor-section-full_width elementor-section-height-default elementor-section-height-default\" data-id=\"30ad747\" data-element_type=\"section\">\n\t\t\t\t\t\t<div class=\"elementor-container elementor-column-gap-default\">\n\t\t\t\t\t<div class=\"elementor-column elementor-col-100 elementor-top-column elementor-element elementor-element-b644658\" data-id=\"b644658\" data-element_type=\"column\">\n\t\t\t<div class=\"elementor-widget-wrap elementor-element-populated\">\n\t\t\t\t\t\t<div class=\"elementor-element elementor-element-fd76745 elementor-widget-divider--view-line elementor-widget elementor-widget-divider\" data-id=\"fd76745\" data-element_type=\"widget\" data-widget_type=\"divider.default\">\n\t\t\t\t<div class=\"elementor-widget-container\">\n\t\t\t\t\t\t\t<div class=\"elementor-divider\">\n\t\t\t<span class=\"elementor-divider-separator\">\n\t\t\t\t\t\t<\/span>\n\t\t<\/div>\n\t\t\t\t\t\t<\/div>\n\t\t\t\t<\/div>\n\t\t\t\t<div class=\"elementor-element elementor-element-a4e8924 elementor-widget elementor-widget-text-editor\" data-id=\"a4e8924\" data-element_type=\"widget\" data-widget_type=\"text-editor.default\">\n\t\t\t\t<div class=\"elementor-widget-container\">\n\t\t\t\t\t\t\t\t\t<p><strong>Disclaimer<\/strong><\/p><p><strong style=\"font-size: 14px;\">Haftung f\u00fcr Inhalte<\/strong><\/p><p style=\"font-size: 12px;\">Die Inhalte unserer Seiten wurden mit gr\u00f6\u00dfter Sorgfalt erstellt. F\u00fcr die Richtigkeit, Vollst\u00e4ndigkeit und Aktualit\u00e4t der Inhalte \u00fcbernehmen wir keine Gew\u00e4hr. Als Diensteanbieter sind wir gem. \u00a7 7 Abs. 1 TMG f\u00fcr eigene Inhalte auf diesen Seiten nach den allgemeinen Gesetzen verantwortlich. Nach \u00a7\u00a7 8-10 TMG sind wir als Diensteanbieter jedoch nicht verpflichtet, \u00fcbermittelte oder gespeicherte, fremde Informationen zu \u00fcberwachen oder nach Umst\u00e4nden zu forschen, die auf eine rechtswidrige T\u00e4tigkeit hinweisen. Verpflichtungen zur Entfernung oder Sperrung der Nutzung von Informationen nach den allgemeinen Gesetzen bleiben hiervon unber\u00fchrt. Eine diesbez\u00fcgliche Haftung ist erst ab dem Zeitpunkt der Kenntnis einer konkreten Rechtsverletzung m\u00f6glich. Bei Bekanntwerden von entsprechenden Rehtsverletzungen werden wir diese Inhalte umgehend entfernen.<\/p><p><strong>Haftung f\u00fcr Links<\/strong><\/p><p style=\"font-size: 12px;\">Unser Angebot enth\u00e4lt Links zu externen Webseiten Dritter, auf deren Inhalte wir keinen Einfluss haben. Deshalb k\u00f6nnen wir f\u00fcr diese fremden Inhalte auch keine Gew\u00e4hr \u00fcbernehmen. F\u00fcr die Inhalte der verlinkten Seiten ist stets der jeweilige Anbieter oder Betreiber der Seiten verantwortlich. Die verlinkten Seiten wurden zum Zeitpunkt der Verlinkung auf m\u00f6gliche Rechtsverst\u00f6\u00dfe \u00fcberpr\u00fcft. Rechtswidrige Inhalte waren zum Zeitpunkt der Verlinkung nicht erkennbar. Eine permanente, inhaltliche Kontrolle der verlinkten Seiten ist ohne konkrete Anhaltspunkte einer Rechtsverletzung nicht zumutbar. Bei Bekanntwerden von Rechtsverletzungen werden wir derartige Links umgehend entfernen.<\/p><p><strong>Urheberrecht<\/strong><\/p><p style=\"font-size: 12px;\">Die durch die Seitenbetreiber erstellten Inhalte und Werke auf diesen Seiten unterliegen dem deutschen Urheberrecht. Die Vervielf\u00e4ltigung, Bearbeitung, Verbreitung und jede Art der Verwertung au\u00dferhalb der Grenzen des Urheberrechtes bed\u00fcrfen der schriftlichen Zustimmung des jeweiligen Autors bzw. Erstellers. Downloads und Kopien dieser Seite sind nur f\u00fcr den privaten, nicht kommerziellen Gebrauch gestattet. Soweit die Inhalte auf dieser Seite nicht vom Betreiber erstellt wurden,\u00a0 werden Urheberrechte Dritter beachtet.\u00a0 Insbesondere werden Inhalte Dritter als solche gekennzeichnet. Sollten Sie trotzdem auf eine Urheberrechtsverletzung aufmerksam werden, bitten wir um einen entsprehenden Hinweis. Bei Bekanntwerden von Rechtsverletzungen werden wir derartige Inhalte umgehend entfernen.<\/p><p><strong>Datenschutz<\/strong><\/p><p style=\"font-size: 12px;\">Die Nutzung unserer Webseite ist in der Regel ohne die Angabe personenbezogener Daten m\u00f6glich. Soweit auf unseren Seiten personenbezogene Daten (z.B. Name, Anschrift oder E-Mail-Adressen) erhoben werden, erfolgt dies, soweit m\u00f6glich, stets auf freiwilliger Basis. Diese Daten werden ohne Ihre ausdr\u00fcckliche Zustimmung nicht an Dritte weitergegeben.<\/p><p style=\"font-size: 12px;\">Wir weisen darauf hin, dass die Daten\u00fcbertragung im Internet (z.B. bei der Kommunikation per E-Mail) Sicherheitsl\u00fccken aufweisen kann. Ein l\u00fcckenloser Schutz der Daten vor dem Zugriff durch Dritte ist nicht m\u00f6glich.<\/p><p style=\"font-size: 12px;\">Die Nutzung von auf dieser Seite ver\u00f6ffentlichten Kontaktdaten durch Dritte zur \u00dcbersendung von nicht ausdr\u00fccklich angeforderter Werbung und Informationsmaterialien wird ausdr\u00fccklich widersprochen. Die Betreiber der Seiten behalten sich ausdr\u00fccklich rechtliche Schritte im Falle der unverlangten Zusendung von Werbeinformationen, etwa durch Spam-Mails, vor<\/p>\t\t\t\t\t\t\t\t<\/div>\n\t\t\t\t<\/div>\n\t\t\t\t\t<\/div>\n\t\t<\/div>\n\t\t\t\t\t<\/div>\n\t\t<\/section>\n\t\t\t\t<\/div>\n\t\t","protected":false},"excerpt":{"rendered":"<p>Betreiber dieser Website ist der Fu\u00dfballverein 08 Neuenhain e.V. Postfach 110265796 Bad Soden a. Ts.email: 08ervorstand@fv08-neuenhain.de Vertreten durch Rainer Kunz, Dag Wombacher, Christian Altvater, Eric Elzenheimer, einzeln vertretungsberechtigt Vereinsregistereintrag Eintragung im Registergericht: Amtsgericht K\u00f6nigsteinRegisternummer: 309Umsatzsteuer-Identifikationsnummer gem. \u00a7 27a UStG:USt-ID: 462 500 6242Verantwortlich f\u00fcr journalistisch-redaktionelle Inhalte gem. \u00a7 55 Abs. 2 RStVRainer KunzSauerbrunnenweg 1,65812 Bad Soden [&hellip;]<\/p>\n","protected":false},"author":1,"featured_media":0,"parent":0,"menu_order":0,"comment_status":"closed","ping_status":"closed","template":"","meta":{"ocean_post_layout":"full-width","ocean_both_sidebars_style":"","ocean_both_sidebars_content_width":0,"ocean_both_sidebars_sidebars_width":0,"ocean_sidebar":"0","ocean_second_sidebar":"0","ocean_disable_margins":"enable","ocean_add_body_class":"","ocean_shortcode_before_top_bar":"","ocean_shortcode_after_top_bar":"","ocean_shortcode_before_header":"","ocean_shortcode_after_header":"","ocean_has_shortcode":"","ocean_shortcode_after_title":"","ocean_shortcode_before_footer_widgets":"","ocean_shortcode_after_footer_widgets":"","ocean_shortcode_before_footer_bottom":"","ocean_shortcode_after_footer_bottom":"","ocean_display_top_bar":"default","ocean_display_header":"default","ocean_header_style":"","ocean_center_header_left_menu":"0","ocean_custom_header_template":"0","ocean_custom_logo":0,"ocean_custom_retina_logo":0,"ocean_custom_logo_max_width":0,"ocean_custom_logo_tablet_max_width":0,"ocean_custom_logo_mobile_max_width":0,"ocean_custom_logo_max_height":0,"ocean_custom_logo_tablet_max_height":0,"ocean_custom_logo_mobile_max_height":0,"ocean_header_custom_menu":"0","ocean_menu_typo_font_family":"0","ocean_menu_typo_font_subset":"","ocean_menu_typo_font_size":0,"ocean_menu_typo_font_size_tablet":0,"ocean_menu_typo_font_size_mobile":0,"ocean_menu_typo_font_size_unit":"px","ocean_menu_typo_font_weight":"","ocean_menu_typo_font_weight_tablet":"","ocean_menu_typo_font_weight_mobile":"","ocean_menu_typo_transform":"","ocean_menu_typo_transform_tablet":"","ocean_menu_typo_transform_mobile":"","ocean_menu_typo_line_height":0,"ocean_menu_typo_line_height_tablet":0,"ocean_menu_typo_line_height_mobile":0,"ocean_menu_typo_line_height_unit":"","ocean_menu_typo_spacing":0,"ocean_menu_typo_spacing_tablet":0,"ocean_menu_typo_spacing_mobile":0,"ocean_menu_typo_spacing_unit":"","ocean_menu_link_color":"","ocean_menu_link_color_hover":"","ocean_menu_link_color_active":"","ocean_menu_link_background":"","ocean_menu_link_hover_background":"","ocean_menu_link_active_background":"","ocean_menu_social_links_bg":"","ocean_menu_social_hover_links_bg":"","ocean_menu_social_links_color":"","ocean_menu_social_hover_links_color":"","ocean_disable_title":"default","ocean_disable_heading":"default","ocean_post_title":"","ocean_post_subheading":"","ocean_post_title_style":"","ocean_post_title_background_color":"","ocean_post_title_background":0,"ocean_post_title_bg_image_position":"","ocean_post_title_bg_image_attachment":"","ocean_post_title_bg_image_repeat":"","ocean_post_title_bg_image_size":"","ocean_post_title_height":0,"ocean_post_title_bg_overlay":0.5,"ocean_post_title_bg_overlay_color":"","ocean_disable_breadcrumbs":"default","ocean_breadcrumbs_color":"","ocean_breadcrumbs_separator_color":"","ocean_breadcrumbs_links_color":"","ocean_breadcrumbs_links_hover_color":"","ocean_display_footer_widgets":"default","ocean_display_footer_bottom":"default","ocean_custom_footer_template":"0","footnotes":""},"class_list":["post-85","page","type-page","status-publish","hentry","entry"],"yoast_head":"<!-- This site is optimized with the Yoast SEO plugin v25.2 - https:\/\/yoast.com\/wordpress\/plugins\/seo\/ -->\n<title>Impressum - FV08<\/title>\n<meta name=\"robots\" content=\"index, follow, max-snippet:-1, max-image-preview:large, max-video-preview:-1\" \/>\n<link rel=\"canonical\" href=\"https:\/\/fv08-neuenhain.de\/?page_id=85\" \/>\n<meta property=\"og:locale\" content=\"de_DE\" \/>\n<meta property=\"og:type\" content=\"article\" \/>\n<meta property=\"og:title\" content=\"Impressum - FV08\" \/>\n<meta property=\"og:description\" content=\"Betreiber dieser Website ist der Fu\u00dfballverein 08 Neuenhain e.V. Postfach 110265796 Bad Soden a. Ts.email: 08ervorstand@fv08-neuenhain.de Vertreten durch Rainer Kunz, Dag Wombacher, Christian Altvater, Eric Elzenheimer, einzeln vertretungsberechtigt Vereinsregistereintrag Eintragung im Registergericht: Amtsgericht K\u00f6nigsteinRegisternummer: 309Umsatzsteuer-Identifikationsnummer gem. \u00a7 27a UStG:USt-ID: 462 500 6242Verantwortlich f\u00fcr journalistisch-redaktionelle Inhalte gem. \u00a7 55 Abs. 2 RStVRainer KunzSauerbrunnenweg 1,65812 Bad Soden [&hellip;]\" \/>\n<meta property=\"og:url\" content=\"https:\/\/fv08-neuenhain.de\/?page_id=85\" \/>\n<meta property=\"og:site_name\" content=\"FV08\" \/>\n<meta property=\"article:publisher\" content=\"https:\/\/www.facebook.com\/FV-08-Neuenhain-eV-1600832363530459\/?ref=page_internal\" \/>\n<meta property=\"article:modified_time\" content=\"2025-06-09T14:28:31+00:00\" \/>\n<meta name=\"twitter:card\" content=\"summary_large_image\" \/>\n<meta name=\"twitter:label1\" content=\"Gesch\u00e4tzte Lesezeit\" \/>\n\t<meta name=\"twitter:data1\" content=\"3\u00a0Minuten\" \/>\n<script type=\"application\/ld+json\" class=\"yoast-schema-graph\">{\"@context\":\"https:\/\/schema.org\",\"@graph\":[{\"@type\":\"WebPage\",\"@id\":\"https:\/\/fv08-neuenhain.de\/?page_id=85\",\"url\":\"https:\/\/fv08-neuenhain.de\/?page_id=85\",\"name\":\"Impressum - FV08\",\"isPartOf\":{\"@id\":\"https:\/\/fv08-neuenhain.de\/#website\"},\"datePublished\":\"2020-03-13T17:51:29+00:00\",\"dateModified\":\"2025-06-09T14:28:31+00:00\",\"breadcrumb\":{\"@id\":\"https:\/\/fv08-neuenhain.de\/?page_id=85#breadcrumb\"},\"inLanguage\":\"de\",\"potentialAction\":[{\"@type\":\"ReadAction\",\"target\":[\"https:\/\/fv08-neuenhain.de\/?page_id=85\"]}]},{\"@type\":\"BreadcrumbList\",\"@id\":\"https:\/\/fv08-neuenhain.de\/?page_id=85#breadcrumb\",\"itemListElement\":[{\"@type\":\"ListItem\",\"position\":1,\"name\":\"Startseite\",\"item\":\"https:\/\/fv08-neuenhain.de\/\"},{\"@type\":\"ListItem\",\"position\":2,\"name\":\"Impressum\"}]},{\"@type\":\"WebSite\",\"@id\":\"https:\/\/fv08-neuenhain.de\/#website\",\"url\":\"https:\/\/fv08-neuenhain.de\/\",\"name\":\"FV08\",\"description\":\"Eine weitere WordPress-Seite\",\"publisher\":{\"@id\":\"https:\/\/fv08-neuenhain.de\/#organization\"},\"potentialAction\":[{\"@type\":\"SearchAction\",\"target\":{\"@type\":\"EntryPoint\",\"urlTemplate\":\"https:\/\/fv08-neuenhain.de\/?s={search_term_string}\"},\"query-input\":{\"@type\":\"PropertyValueSpecification\",\"valueRequired\":true,\"valueName\":\"search_term_string\"}}],\"inLanguage\":\"de\"},{\"@type\":\"Organization\",\"@id\":\"https:\/\/fv08-neuenhain.de\/#organization\",\"name\":\"FV08 Neuenhain\",\"url\":\"https:\/\/fv08-neuenhain.de\/\",\"logo\":{\"@type\":\"ImageObject\",\"inLanguage\":\"de\",\"@id\":\"https:\/\/fv08-neuenhain.de\/#\/schema\/logo\/image\/\",\"url\":\"https:\/\/fv08-neuenhain.de\/wp-content\/uploads\/2020\/04\/FV08-Logo1.png\",\"contentUrl\":\"https:\/\/fv08-neuenhain.de\/wp-content\/uploads\/2020\/04\/FV08-Logo1.png\",\"width\":168,\"height\":200,\"caption\":\"FV08 Neuenhain\"},\"image\":{\"@id\":\"https:\/\/fv08-neuenhain.de\/#\/schema\/logo\/image\/\"},\"sameAs\":[\"https:\/\/www.facebook.com\/FV-08-Neuenhain-eV-1600832363530459\/?ref=page_internal\"]}]}<\/script>\n<!-- \/ Yoast SEO plugin. -->","yoast_head_json":{"title":"Impressum - FV08","robots":{"index":"index","follow":"follow","max-snippet":"max-snippet:-1","max-image-preview":"max-image-preview:large","max-video-preview":"max-video-preview:-1"},"canonical":"https:\/\/fv08-neuenhain.de\/?page_id=85","og_locale":"de_DE","og_type":"article","og_title":"Impressum - FV08","og_description":"Betreiber dieser Website ist der Fu\u00dfballverein 08 Neuenhain e.V. Postfach 110265796 Bad Soden a. Ts.email: 08ervorstand@fv08-neuenhain.de Vertreten durch Rainer Kunz, Dag Wombacher, Christian Altvater, Eric Elzenheimer, einzeln vertretungsberechtigt Vereinsregistereintrag Eintragung im Registergericht: Amtsgericht K\u00f6nigsteinRegisternummer: 309Umsatzsteuer-Identifikationsnummer gem. \u00a7 27a UStG:USt-ID: 462 500 6242Verantwortlich f\u00fcr journalistisch-redaktionelle Inhalte gem. \u00a7 55 Abs. 2 RStVRainer KunzSauerbrunnenweg 1,65812 Bad Soden [&hellip;]","og_url":"https:\/\/fv08-neuenhain.de\/?page_id=85","og_site_name":"FV08","article_publisher":"https:\/\/www.facebook.com\/FV-08-Neuenhain-eV-1600832363530459\/?ref=page_internal","article_modified_time":"2025-06-09T14:28:31+00:00","twitter_card":"summary_large_image","twitter_misc":{"Gesch\u00e4tzte Lesezeit":"3\u00a0Minuten"},"schema":{"@context":"https:\/\/schema.org","@graph":[{"@type":"WebPage","@id":"https:\/\/fv08-neuenhain.de\/?page_id=85","url":"https:\/\/fv08-neuenhain.de\/?page_id=85","name":"Impressum - FV08","isPartOf":{"@id":"https:\/\/fv08-neuenhain.de\/#website"},"datePublished":"2020-03-13T17:51:29+00:00","dateModified":"2025-06-09T14:28:31+00:00","breadcrumb":{"@id":"https:\/\/fv08-neuenhain.de\/?page_id=85#breadcrumb"},"inLanguage":"de","potentialAction":[{"@type":"ReadAction","target":["https:\/\/fv08-neuenhain.de\/?page_id=85"]}]},{"@type":"BreadcrumbList","@id":"https:\/\/fv08-neuenhain.de\/?page_id=85#breadcrumb","itemListElement":[{"@type":"ListItem","position":1,"name":"Startseite","item":"https:\/\/fv08-neuenhain.de\/"},{"@type":"ListItem","position":2,"name":"Impressum"}]},{"@type":"WebSite","@id":"https:\/\/fv08-neuenhain.de\/#website","url":"https:\/\/fv08-neuenhain.de\/","name":"FV08","description":"Eine weitere WordPress-Seite","publisher":{"@id":"https:\/\/fv08-neuenhain.de\/#organization"},"potentialAction":[{"@type":"SearchAction","target":{"@type":"EntryPoint","urlTemplate":"https:\/\/fv08-neuenhain.de\/?s={search_term_string}"},"query-input":{"@type":"PropertyValueSpecification","valueRequired":true,"valueName":"search_term_string"}}],"inLanguage":"de"},{"@type":"Organization","@id":"https:\/\/fv08-neuenhain.de\/#organization","name":"FV08 Neuenhain","url":"https:\/\/fv08-neuenhain.de\/","logo":{"@type":"ImageObject","inLanguage":"de","@id":"https:\/\/fv08-neuenhain.de\/#\/schema\/logo\/image\/","url":"https:\/\/fv08-neuenhain.de\/wp-content\/uploads\/2020\/04\/FV08-Logo1.png","contentUrl":"https:\/\/fv08-neuenhain.de\/wp-content\/uploads\/2020\/04\/FV08-Logo1.png","width":168,"height":200,"caption":"FV08 Neuenhain"},"image":{"@id":"https:\/\/fv08-neuenhain.de\/#\/schema\/logo\/image\/"},"sameAs":["https:\/\/www.facebook.com\/FV-08-Neuenhain-eV-1600832363530459\/?ref=page_internal"]}]}},"_links":{"self":[{"href":"https:\/\/fv08-neuenhain.de\/index.php?rest_route=\/wp\/v2\/pages\/85","targetHints":{"allow":["GET"]}}],"collection":[{"href":"https:\/\/fv08-neuenhain.de\/index.php?rest_route=\/wp\/v2\/pages"}],"about":[{"href":"https:\/\/fv08-neuenhain.de\/index.php?rest_route=\/wp\/v2\/types\/page"}],"author":[{"embeddable":true,"href":"https:\/\/fv08-neuenhain.de\/index.php?rest_route=\/wp\/v2\/users\/1"}],"replies":[{"embeddable":true,"href":"https:\/\/fv08-neuenhain.de\/index.php?rest_route=%2Fwp%2Fv2%2Fcomments&post=85"}],"version-history":[{"count":28,"href":"https:\/\/fv08-neuenhain.de\/index.php?rest_route=\/wp\/v2\/pages\/85\/revisions"}],"predecessor-version":[{"id":2530,"href":"https:\/\/fv08-neuenhain.de\/index.php?rest_route=\/wp\/v2\/pages\/85\/revisions\/2530"}],"wp:attachment":[{"href":"https:\/\/fv08-neuenhain.de\/index.php?rest_route=%2Fwp%2Fv2%2Fmedia&parent=85"}],"curies":[{"name":"wp","href":"https:\/\/api.w.org\/{rel}","templated":true}]}}